{"id":21648,"date":"2024-04-29T15:58:47","date_gmt":"2024-04-29T12:58:47","guid":{"rendered":"https:\/\/isiklartugla.com.tr\/baskanin-mesaji\/"},"modified":"2026-01-06T10:31:00","modified_gmt":"2026-01-06T07:31:00","slug":"from-the-chairman","status":"publish","type":"page","link":"https:\/\/isiklartugla.com.tr\/en\/from-the-chairman\/","title":{"rendered":"From the Chairman"},"content":{"rendered":"\t\t<div data-elementor-type=\"wp-page\" data-elementor-id=\"21648\" class=\"elementor elementor-21648 elementor-18666\" data-elementor-post-type=\"page\">\n\t\t\t\t<div class=\"elementor-element elementor-element-ceacf11 e-con-full e-flex e-con e-parent\" data-id=\"ceacf11\" data-element_type=\"container\" data-e-type=\"container\">\n\t\t<div class=\"elementor-element elementor-element-bae0b03 e-flex e-con-boxed e-con e-child\" data-id=\"bae0b03\" data-element_type=\"container\" data-e-type=\"container\">\n\t\t\t\t\t<div class=\"e-con-inner\">\n\t\t\t\t<div class=\"elementor-element elementor-element-9f2033f elementor-widget elementor-widget-archicon_core_section_title\" data-id=\"9f2033f\" data-element_type=\"widget\" data-e-type=\"widget\" data-widget_type=\"archicon_core_section_title.default\">\n\t\t\t\t<div class=\"elementor-widget-container\">\n\t\t\t\t\t<div class=\"qodef-shortcode qodef-m  qodef-section-title qodef-alignment--left   qodef-has-appear\"  >\n\t\t\t<h1 class=\"qodef-m-title\" >\n\t<span class=\"qodef-m-title-inner\" >\n\t\t\tFrom <span class=\"qodef-m-highlight-text\" ><span class=\"qodef--original\">the<\/span><span class=\"qodef--fake\" >the<\/span><\/span> Chairman\t\t<\/span>\n\t<\/h1>\n\t\t<\/div>\n\t\t\t\t<\/div>\n\t\t\t\t<\/div>\n\t\t\t\t<div class=\"elementor-element elementor-element-57c9d4e elementor-widget elementor-widget-text-editor\" data-id=\"57c9d4e\" data-element_type=\"widget\" data-e-type=\"widget\" data-widget_type=\"text-editor.default\">\n\t\t\t\t<div class=\"elementor-widget-container\">\n\t\t\t\t\t\t\t\t\t<p><span style=\"color: #000000;\">Dear Stakeholders,<\/span><\/p><p>We spent last year adopting to the adverse conditions at home and abroad and preparing our companies to the future.<\/p><p>Both our company board of directors and management teams have been replenished with the new generation meanwhile we have increased capital in most of our companies.We completed capex related to capacity increases,in house green energy generation and new product developments.<\/p><p>I\u015f\u0131klar Holding celebrated her 50 th year of inauguration with state of the art factories in clinker brick,kraft paper sack,ready mix adhesives,grinding media for cement,GRC plates, producing own energy needs with Hydro and Solar power plants of 35 MW as well as companies in construction,contracting,cement engineering,real estate development and JCB construction machinery distributorship serving the construction sector as a whole and is a unique Construction Conglomerate.We intend to take advantage of our country and company\u2019s advantageous location with enormous rebuilding prospects in our region.<br \/>We plan to support our planned growth with special steps which we will take in the new year. We mourn the passing of two of our distinguished ex directors in 2025,Mr.G\u00f6k\u00e7en Odyak and Mr.Necati Tando\u011fan who will always have a special place in our corporate history and our hearts.<br \/><br \/>I wish health,happiness and success to you and your loved ones in the new year.<\/p><p><span style=\"color: #000000;\">Best regards,<\/span><\/p><p>\u00a0<\/p><p>R\u0131za Kutlu I\u015f\u0131k<br \/>Chairman<br \/>I\u015f\u0131klar Holding A.\u015e.<\/p>\t\t\t\t\t\t\t\t<\/div>\n\t\t\t\t<\/div>\n\t\t\t\t\t<\/div>\n\t\t\t\t<\/div>\n\t\t<div class=\"elementor-element elementor-element-f1cae6d e-flex e-con-boxed e-con e-child\" data-id=\"f1cae6d\" data-element_type=\"container\" data-e-type=\"container\">\n\t\t\t\t\t<div class=\"e-con-inner\">\n\t\t\t\t\t<\/div>\n\t\t\t\t<\/div>\n\t\t\t\t<\/div>\n\t\t\t\t<\/div>\n\t\t","protected":false},"excerpt":{"rendered":"<p>From thethe Chairman Dear Stakeholders, We spent last year adopting to the adverse conditions at home and abroad and preparing our companies to the future. Both our company board of directors and management teams have been replenished with the new generation meanwhile we have increased capital in most of our companies.We completed capex related to [&hellip;]<\/p>\n","protected":false},"author":2,"featured_media":0,"parent":0,"menu_order":0,"comment_status":"closed","ping_status":"closed","template":"elementor_header_footer","meta":{"footnotes":""},"class_list":["post-21648","page","type-page","status-publish","hentry"],"_links":{"self":[{"href":"https:\/\/isiklartugla.com.tr\/en\/wp-json\/wp\/v2\/pages\/21648","targetHints":{"allow":["GET"]}}],"collection":[{"href":"https:\/\/isiklartugla.com.tr\/en\/wp-json\/wp\/v2\/pages"}],"about":[{"href":"https:\/\/isiklartugla.com.tr\/en\/wp-json\/wp\/v2\/types\/page"}],"author":[{"embeddable":true,"href":"https:\/\/isiklartugla.com.tr\/en\/wp-json\/wp\/v2\/users\/2"}],"replies":[{"embeddable":true,"href":"https:\/\/isiklartugla.com.tr\/en\/wp-json\/wp\/v2\/comments?post=21648"}],"version-history":[{"count":41,"href":"https:\/\/isiklartugla.com.tr\/en\/wp-json\/wp\/v2\/pages\/21648\/revisions"}],"predecessor-version":[{"id":27182,"href":"https:\/\/isiklartugla.com.tr\/en\/wp-json\/wp\/v2\/pages\/21648\/revisions\/27182"}],"wp:attachment":[{"href":"https:\/\/isiklartugla.com.tr\/en\/wp-json\/wp\/v2\/media?parent=21648"}],"curies":[{"name":"wp","href":"https:\/\/api.w.org\/{rel}","templated":true}]}}