{"id":21651,"date":"2024-04-30T02:00:14","date_gmt":"2024-04-29T23:00:14","guid":{"rendered":"https:\/\/isiklartugla.com.tr\/e-dergi\/"},"modified":"2025-03-11T17:47:00","modified_gmt":"2025-03-11T14:47:00","slug":"e-dergi","status":"publish","type":"page","link":"https:\/\/isiklartugla.com.tr\/en\/e-dergi\/","title":{"rendered":"E-Dergi"},"content":{"rendered":"\t\t<div data-elementor-type=\"wp-page\" data-elementor-id=\"21651\" class=\"elementor elementor-21651 elementor-18875\" data-elementor-post-type=\"page\">\n\t\t\t\t<div class=\"elementor-element elementor-element-9efde41 e-con-full e-flex e-con e-parent\" data-id=\"9efde41\" data-element_type=\"container\" data-e-type=\"container\">\n\t\t\t\t<div class=\"elementor-element elementor-element-47005f1 elementor-widget elementor-widget-archicon_core_section_title\" data-id=\"47005f1\" data-element_type=\"widget\" data-e-type=\"widget\" data-widget_type=\"archicon_core_section_title.default\">\n\t\t\t\t<div class=\"elementor-widget-container\">\n\t\t\t\t\t<div class=\"qodef-shortcode qodef-m  qodef-section-title qodef-alignment--left   qodef-has-appear\"  >\n\t\t\t<h1 class=\"qodef-m-title\" >\n\t<span class=\"qodef-m-title-inner\" >\n\t\t\t<span class=\"qodef-m-highlight-text\" ><span class=\"qodef--original\">E-Dergi<\/span><span class=\"qodef--fake\" >E-Dergi<\/span><\/span>\t\t<\/span>\n\t<\/h1>\n\t\t<h5 class=\"qodef-m-text\" >\n\t\tBu sayfada \u015firketimiz, holdingimiz ve grup \u015firketlerimizdeki son geli\u015fmelerin yer ald\u0131\u011f\u0131; 3 ayda 1 yay\u0131mlanan kurumsal dergimizin son say\u0131lar\u0131na eri\u015febilirsiniz.\t<\/h5>\n\t<\/div>\n\t\t\t\t<\/div>\n\t\t\t\t<\/div>\n\t\t\t\t<div class=\"elementor-element elementor-element-299bcad elementor-widget elementor-widget-shortcode\" data-id=\"299bcad\" data-element_type=\"widget\" data-e-type=\"widget\" data-widget_type=\"shortcode.default\">\n\t\t\t\t<div class=\"elementor-widget-container\">\n\t\t\t\t\t\t\t<div class=\"elementor-shortcode\"><div class=\"dflip-books df-has-shelf \"><a class=\"_df_thumb \"  href=\"#\"  data-slug=\"nisan-2026\" data-_slug=\"nisan-2026\" _slug=\"nisan-2026\" data-title=\"nisan-2026\" id=\"df_27413\" data-df-option=\"df_option_27413\" thumb=\"https:\/\/isiklartugla.com.tr\/wp-content\/uploads\/2026\/04\/dergi.jpg\"  >Nisan 2026<\/a><script class=\"df-shortcode-script\" nowprocket type=\"application\/javascript\">window.df_option_27413 = {\"source\":\"https:\\\/\\\/isiklartugla.com.tr\\\/wp-content\\\/uploads\\\/2026\\\/04\\\/nisan2026.pdf\",\"outline\":[],\"overwritePDFOutline\":false,\"pageSize\":\"0\",\"slug\":\"nisan-2026\",\"wpOptions\":\"true\",\"id\":27413}; if(window.DFLIP && window.DFLIP.parseBooks){window.DFLIP.parseBooks();}<\/script><a class=\"_df_thumb \"  href=\"#\"  data-slug=\"27166\" data-_slug=\"27166\" _slug=\"27166\" data-title=\"ocak-2026\" id=\"df_27166\" data-df-option=\"df_option_27166\" thumb=\"https:\/\/isiklartugla.com.tr\/wp-content\/uploads\/dflip-thumbs\/27166.jpeg?1767004034\"  >Ocak 2026<\/a><script class=\"df-shortcode-script\" nowprocket type=\"application\/javascript\">window.df_option_27166 = {\"source\":\"https:\\\/\\\/isiklartugla.com.tr\\\/wp-content\\\/uploads\\\/2025\\\/12\\\/Ocak-2026.pdf\",\"outline\":[],\"overwritePDFOutline\":false,\"pageSize\":\"0\",\"slug\":\"27166\",\"wpOptions\":\"true\",\"id\":27166}; if(window.DFLIP && window.DFLIP.parseBooks){window.DFLIP.parseBooks();}<\/script><a class=\"_df_thumb \"  href=\"#\"  data-slug=\"ekim-2025\" data-_slug=\"ekim-2025\" _slug=\"ekim-2025\" data-title=\"ekim-2025\" id=\"df_26996\" data-df-option=\"df_option_26996\" thumb=\"https:\/\/isiklartugla.com.tr\/wp-content\/uploads\/dflip-thumbs\/26996.jpeg?1759474015\"  >Ekim 2025<\/a><script class=\"df-shortcode-script\" nowprocket type=\"application\/javascript\">window.df_option_26996 = {\"source\":\"https:\\\/\\\/isiklartugla.com.tr\\\/wp-content\\\/uploads\\\/2025\\\/10\\\/Ekim-2025.pdf\",\"outline\":[],\"overwritePDFOutline\":false,\"pageSize\":\"0\",\"slug\":\"ekim-2025\",\"wpOptions\":\"true\",\"id\":26996}; if(window.DFLIP && window.DFLIP.parseBooks){window.DFLIP.parseBooks();}<\/script><a class=\"_df_thumb \"  href=\"#\"  data-slug=\"nisan-2025\" data-_slug=\"nisan-2025\" _slug=\"nisan-2025\" data-title=\"nisan-2025\" id=\"df_23403\" data-df-option=\"df_option_23403\" thumb=\"https:\/\/isiklartugla.com.tr\/wp-content\/uploads\/2025\/04\/dergi.jpg\"  >Nisan 2025<\/a><script class=\"df-shortcode-script\" nowprocket type=\"application\/javascript\">window.df_option_23403 = {\"source\":\"https:\\\/\\\/isiklartugla.com.tr\\\/wp-content\\\/uploads\\\/2025\\\/04\\\/Nisan-2025.pdf\",\"outline\":[],\"autoEnableOutline\":false,\"autoEnableThumbnail\":false,\"overwritePDFOutline\":false,\"pageSize\":\"0\",\"direction\":\"1\",\"slug\":\"nisan-2025\",\"wpOptions\":\"true\",\"id\":23403}; if(window.DFLIP && window.DFLIP.parseBooks){window.DFLIP.parseBooks();}<\/script><a class=\"_df_thumb \"  href=\"#\"  data-slug=\"ocak-2025\" data-_slug=\"ocak-2025\" _slug=\"ocak-2025\" data-title=\"ocak-2025\" id=\"df_23126\" data-df-option=\"df_option_23126\" thumb=\"https:\/\/isiklartugla.com.tr\/wp-content\/uploads\/dflip-thumbs\/23126.jpeg\"  >Ocak 2025<\/a><script class=\"df-shortcode-script\" nowprocket type=\"application\/javascript\">window.df_option_23126 = {\"source\":\"https:\\\/\\\/isiklartugla.com.tr\\\/wp-content\\\/uploads\\\/2024\\\/12\\\/Ocak-2025.pdf\",\"outline\":[],\"autoEnableOutline\":false,\"autoEnableThumbnail\":false,\"overwritePDFOutline\":false,\"pageSize\":\"0\",\"direction\":\"1\",\"slug\":\"ocak-2025\",\"wpOptions\":\"true\",\"id\":23126}; if(window.DFLIP && window.DFLIP.parseBooks){window.DFLIP.parseBooks();}<\/script><a class=\"_df_thumb \"  href=\"#\"  data-slug=\"ekim-2024\" data-_slug=\"ekim-2024\" _slug=\"ekim-2024\" data-title=\"ekim-2024\" id=\"df_21638\" data-df-option=\"df_option_21638\" thumb=\"https:\/\/isiklartugla.com.tr\/wp-content\/uploads\/dflip-thumbs\/21638.jpeg\"  >Ekim 2024<\/a><script class=\"df-shortcode-script\" nowprocket type=\"application\/javascript\">window.df_option_21638 = {\"source\":\"https:\\\/\\\/isiklartugla.com.tr\\\/wp-content\\\/uploads\\\/2024\\\/10\\\/Ekim-2024.pdf\",\"outline\":[],\"autoEnableOutline\":false,\"autoEnableThumbnail\":false,\"overwritePDFOutline\":false,\"pageSize\":\"0\",\"direction\":\"1\",\"slug\":\"ekim-2024\",\"wpOptions\":\"true\",\"id\":21638}; if(window.DFLIP && window.DFLIP.parseBooks){window.DFLIP.parseBooks();}<\/script><a class=\"_df_thumb \"  href=\"#\"  data-slug=\"temmuz-2024\" data-_slug=\"temmuz-2024\" _slug=\"temmuz-2024\" data-title=\"temmuz-2024\" id=\"df_20434\" data-df-option=\"df_option_20434\" thumb=\"https:\/\/isiklartugla.com.tr\/wp-content\/uploads\/dflip-thumbs\/20434.jpeg\"  >Temmuz 2024<\/a><script class=\"df-shortcode-script\" nowprocket type=\"application\/javascript\">window.df_option_20434 = {\"source\":\"https:\\\/\\\/isiklartugla.com.tr\\\/wp-content\\\/uploads\\\/2024\\\/07\\\/Temmuz-20241.pdf\",\"outline\":[],\"autoEnableOutline\":false,\"autoEnableThumbnail\":false,\"overwritePDFOutline\":false,\"pageSize\":\"0\",\"direction\":\"1\",\"slug\":\"temmuz-2024\",\"wpOptions\":\"true\",\"id\":20434}; if(window.DFLIP && window.DFLIP.parseBooks){window.DFLIP.parseBooks();}<\/script><a class=\"_df_thumb \"  href=\"#\"  data-slug=\"nisan-2024\" data-_slug=\"nisan-2024\" _slug=\"nisan-2024\" data-title=\"nisan-2024\" id=\"df_20021\" data-df-option=\"df_option_20021\" thumb=\"https:\/\/isiklartugla.com.tr\/wp-content\/uploads\/dflip-thumbs\/20021.jpeg\"  >Nisan 2024<\/a><script class=\"df-shortcode-script\" nowprocket type=\"application\/javascript\">window.df_option_20021 = {\"source\":\"https:\\\/\\\/isiklartugla.com.tr\\\/wp-content\\\/uploads\\\/2024\\\/05\\\/Nisan-2024.pdf\",\"outline\":[],\"autoEnableOutline\":false,\"autoEnableThumbnail\":false,\"overwritePDFOutline\":false,\"pageSize\":\"0\",\"direction\":\"1\",\"slug\":\"nisan-2024\",\"wpOptions\":\"true\",\"id\":20021}; if(window.DFLIP && window.DFLIP.parseBooks){window.DFLIP.parseBooks();}<\/script><a class=\"_df_thumb \"  href=\"#\"  data-slug=\"ocak-2024\" data-_slug=\"ocak-2024\" _slug=\"ocak-2024\" data-title=\"ocak-2024\" id=\"df_16278\" data-df-option=\"df_option_16278\" thumb=\"https:\/\/isiklartugla.com.tr\/wp-content\/uploads\/dflip-thumbs\/16278.jpeg\"  >Ocak-2024<\/a><script class=\"df-shortcode-script\" nowprocket type=\"application\/javascript\">window.df_option_16278 = {\"source\":\"https:\\\/\\\/isiklartugla.com.tr\\\/wp-content\\\/uploads\\\/2024\\\/03\\\/Ocak-2024.pdf\",\"outline\":[],\"autoEnableOutline\":false,\"autoEnableThumbnail\":false,\"overwritePDFOutline\":false,\"pageSize\":\"0\",\"slug\":\"ocak-2024\",\"wpOptions\":\"true\",\"id\":16278}; if(window.DFLIP && window.DFLIP.parseBooks){window.DFLIP.parseBooks();}<\/script><a class=\"_df_thumb \"  href=\"#\"  data-slug=\"ekim-2023\" data-_slug=\"ekim-2023\" _slug=\"ekim-2023\" data-title=\"ekim-2023\" id=\"df_16273\" data-df-option=\"df_option_16273\" thumb=\"https:\/\/isiklartugla.com.tr\/wp-content\/uploads\/dflip-thumbs\/16273.jpeg\"  >Ekim-2023<\/a><script class=\"df-shortcode-script\" nowprocket type=\"application\/javascript\">window.df_option_16273 = {\"source\":\"https:\\\/\\\/isiklartugla.com.tr\\\/wp-content\\\/uploads\\\/2024\\\/03\\\/ekim2023.pdf\",\"outline\":[],\"autoEnableOutline\":false,\"autoEnableThumbnail\":false,\"overwritePDFOutline\":false,\"pageSize\":\"0\",\"slug\":\"ekim-2023\",\"wpOptions\":\"true\",\"id\":16273}; if(window.DFLIP && window.DFLIP.parseBooks){window.DFLIP.parseBooks();}<\/script><\/div><\/div>\n\t\t\t\t\t\t<\/div>\n\t\t\t\t<\/div>\n\t\t\t\t<\/div>\n\t\t\t\t<\/div>\n\t\t","protected":false},"excerpt":{"rendered":"<p>E-DergiE-Dergi Bu sayfada \u015firketimiz, holdingimiz ve grup \u015firketlerimizdeki son geli\u015fmelerin yer ald\u0131\u011f\u0131; 3 ayda 1 yay\u0131mlanan kurumsal dergimizin son say\u0131lar\u0131na eri\u015febilirsiniz.<\/p>\n","protected":false},"author":2,"featured_media":0,"parent":0,"menu_order":0,"comment_status":"closed","ping_status":"closed","template":"elementor_header_footer","meta":{"footnotes":""},"class_list":["post-21651","page","type-page","status-publish","hentry"],"_links":{"self":[{"href":"https:\/\/isiklartugla.com.tr\/en\/wp-json\/wp\/v2\/pages\/21651","targetHints":{"allow":["GET"]}}],"collection":[{"href":"https:\/\/isiklartugla.com.tr\/en\/wp-json\/wp\/v2\/pages"}],"about":[{"href":"https:\/\/isiklartugla.com.tr\/en\/wp-json\/wp\/v2\/types\/page"}],"author":[{"embeddable":true,"href":"https:\/\/isiklartugla.com.tr\/en\/wp-json\/wp\/v2\/users\/2"}],"replies":[{"embeddable":true,"href":"https:\/\/isiklartugla.com.tr\/en\/wp-json\/wp\/v2\/comments?post=21651"}],"version-history":[{"count":1,"href":"https:\/\/isiklartugla.com.tr\/en\/wp-json\/wp\/v2\/pages\/21651\/revisions"}],"predecessor-version":[{"id":23310,"href":"https:\/\/isiklartugla.com.tr\/en\/wp-json\/wp\/v2\/pages\/21651\/revisions\/23310"}],"wp:attachment":[{"href":"https:\/\/isiklartugla.com.tr\/en\/wp-json\/wp\/v2\/media?parent=21651"}],"curies":[{"name":"wp","href":"https:\/\/api.w.org\/{rel}","templated":true}]}}