{"id":21655,"date":"2024-04-09T11:24:05","date_gmt":"2024-04-09T08:24:05","guid":{"rendered":"https:\/\/isiklartugla.com.tr\/haber-ve-etkinlikler\/"},"modified":"2025-03-11T17:47:10","modified_gmt":"2025-03-11T14:47:10","slug":"haber-ve-etkinlikler","status":"publish","type":"page","link":"https:\/\/isiklartugla.com.tr\/en\/haber-ve-etkinlikler\/","title":{"rendered":"Haber ve Etkinlikler"},"content":{"rendered":"\t\t<div data-elementor-type=\"wp-page\" data-elementor-id=\"21655\" class=\"elementor elementor-21655 elementor-17877\" data-elementor-post-type=\"page\">\n\t\t\t\t<div class=\"elementor-element elementor-element-e3dbf3d e-con-full e-flex e-con e-parent\" data-id=\"e3dbf3d\" data-element_type=\"container\" data-e-type=\"container\">\n\t\t\t\t<\/div>\n\t\t\t\t<\/div>\n\t\t","protected":false},"excerpt":{"rendered":"<p>Mayis 2024 TUKDER Ola\u011fan Genel Kurulu \u00dcyesi oldu\u011fumuz TUKDER Ola\u011fan Genel Kurulu\u201d 16 May\u0131s 2024 tarihinde Ankara\u2019da ger\u00e7ekle\u015fti. Uncategorized Bayi Ziyareti I\u015f\u0131klar Tu\u011fla Genel M\u00fcd\u00fcr\u00fc Agah Durukal, Pazarlama Direkt\u00f6r\u00fc G\u00f6kben G\u00fcven \u00d6z\u00e7i\u00e7ek, G\u00fcneydo\u011fu Anadolu B\u00f6lge Y\u00f6neticisi Emin G\u00fcltekin Bilgen ile birlikte \u0130skenderu Uncategorized Bart\u0131n Belediye Ba\u015fkan\u0131 Ziyareti B\u00fcy\u00fckdere Atat\u00fcrk Fidanl\u0131\u011f\u0131\u2019n\u0131n a\u00e7\u0131l\u0131\u015f\u0131 \u0130stanbul B\u00fcy\u00fck\u015fehir Belediyesi Ba\u015fkan\u0131 [&hellip;]<\/p>\n","protected":false},"author":2,"featured_media":0,"parent":0,"menu_order":0,"comment_status":"closed","ping_status":"closed","template":"","meta":{"footnotes":""},"class_list":["post-21655","page","type-page","status-publish","hentry"],"_links":{"self":[{"href":"https:\/\/isiklartugla.com.tr\/en\/wp-json\/wp\/v2\/pages\/21655","targetHints":{"allow":["GET"]}}],"collection":[{"href":"https:\/\/isiklartugla.com.tr\/en\/wp-json\/wp\/v2\/pages"}],"about":[{"href":"https:\/\/isiklartugla.com.tr\/en\/wp-json\/wp\/v2\/types\/page"}],"author":[{"embeddable":true,"href":"https:\/\/isiklartugla.com.tr\/en\/wp-json\/wp\/v2\/users\/2"}],"replies":[{"embeddable":true,"href":"https:\/\/isiklartugla.com.tr\/en\/wp-json\/wp\/v2\/comments?post=21655"}],"version-history":[{"count":1,"href":"https:\/\/isiklartugla.com.tr\/en\/wp-json\/wp\/v2\/pages\/21655\/revisions"}],"predecessor-version":[{"id":23312,"href":"https:\/\/isiklartugla.com.tr\/en\/wp-json\/wp\/v2\/pages\/21655\/revisions\/23312"}],"wp:attachment":[{"href":"https:\/\/isiklartugla.com.tr\/en\/wp-json\/wp\/v2\/media?parent=21655"}],"curies":[{"name":"wp","href":"https:\/\/api.w.org\/{rel}","templated":true}]}}