{"id":21656,"date":"2024-04-29T23:58:43","date_gmt":"2024-04-29T20:58:43","guid":{"rendered":"https:\/\/isiklartugla.com.tr\/hakkimizda\/"},"modified":"2025-03-11T17:45:28","modified_gmt":"2025-03-11T14:45:28","slug":"about-us","status":"publish","type":"page","link":"https:\/\/isiklartugla.com.tr\/en\/about-us\/","title":{"rendered":"About us"},"content":{"rendered":"\t\t<div data-elementor-type=\"wp-page\" data-elementor-id=\"21656\" class=\"elementor elementor-21656 elementor-18800\" data-elementor-post-type=\"page\">\n\t\t\t\t<div class=\"elementor-element elementor-element-47f0db1 e-con-full e-flex e-con e-parent\" data-id=\"47f0db1\" data-element_type=\"container\" data-e-type=\"container\">\n\t\t<div class=\"elementor-element elementor-element-829eba6 e-con-full e-flex e-con e-child\" data-id=\"829eba6\" data-element_type=\"container\" data-e-type=\"container\">\n\t\t\t\t<div class=\"elementor-element elementor-element-43172a6 elementor-widget elementor-widget-archicon_core_section_title\" data-id=\"43172a6\" data-element_type=\"widget\" data-e-type=\"widget\" data-widget_type=\"archicon_core_section_title.default\">\n\t\t\t\t<div class=\"elementor-widget-container\">\n\t\t\t\t\t<div class=\"qodef-shortcode qodef-m  qodef-section-title qodef-alignment--left   qodef-has-appear\"  >\n\t\t\t<h1 class=\"qodef-m-title\" >\n\t<span class=\"qodef-m-title-inner\" >\n\t\t\t<span class=\"qodef-m-highlight-text\" ><span class=\"qodef--original\">About<\/span><span class=\"qodef--fake\" >About<\/span><\/span> Us\t\t<\/span>\n\t<\/h1>\n\t\t<h5 class=\"qodef-m-text\" >\n\t\tAs I\u015f\u0131klar Brick, we started our journey in 1973 with the aim of providing robust, reliable and functional products to buildings.\nOperating under I\u015f\u0131klar Holding, I\u015f\u0131klar Tu\u011fla (I\u015f\u0131klar \u0130n\u015faat Malzemeleri A.\u015e.) manufactures clinker bricks for facades, floors, and interiors, as well as thermal insulation solutions for exterior facades and sound insulation solutions for interiors in its three factories in Bart\u0131n.\t<\/h5>\n\t<\/div>\n\t\t\t\t<\/div>\n\t\t\t\t<\/div>\n\t\t\t\t<\/div>\n\t\t<div class=\"elementor-element elementor-element-af366f3 e-con-full e-flex e-con e-child\" data-id=\"af366f3\" data-element_type=\"container\" data-e-type=\"container\">\n\t\t\t\t<\/div>\n\t\t\t\t<\/div>\n\t\t<div class=\"elementor-element elementor-element-3a556ab e-con-full e-flex e-con e-parent\" data-id=\"3a556ab\" data-element_type=\"container\" data-e-type=\"container\">\n\t\t<div class=\"elementor-element elementor-element-1a5ac4e e-con-full e-flex e-con e-child\" data-id=\"1a5ac4e\" data-element_type=\"container\" data-e-type=\"container\">\n\t\t\t\t<div class=\"elementor-element elementor-element-09408db elementor-widget elementor-widget-archicon_core_accordion\" data-id=\"09408db\" data-element_type=\"widget\" data-e-type=\"widget\" data-widget_type=\"archicon_core_accordion.default\">\n\t\t\t\t<div class=\"elementor-widget-container\">\n\t\t\t\t\t<div class=\"qodef-shortcode qodef-m aboutUsAccordion qodef-accordion clear qodef-behavior--toggle qodef-layout--simple \">\n\t<h3 class=\"qodef-accordion-title\">\n\t<span class=\"qodef-accordion-number\"><\/span>\n\t<span class=\"qodef-tab-title\">Deep Heritage<\/span>\n\t<span class=\"qodef-accordion-mark\">\n\t\t<svg class=\"qodef-svg--accordion-arrow\" xmlns=\"http:\/\/www.w3.org\/2000\/svg\" width=\"10.94\" height=\"13.423\" viewBox=\"0 0 10.94 13.423\"><path d=\"M5.516 0v12.51\"\/><path d=\"M10.586 7.6 5.47 12.716.354 7.6\"\/><\/svg>\t<\/span>\n<\/h3>\n<div class=\"qodef-accordion-content\">\n\t<div class=\"qodef-accordion-content-inner\">\n\t\t<p>We have become the leading brand that comes to mind when people in T\u00fcrkiye think of \"bricks,\" thanks to our quality products and the trust we've built. Our core approach is to expand the use of bricks and create facades and landscaping solutions that can be confidently used for years. With the experience achieved from our long-standing history, we continue to lead the industry today.<\/p>\t<\/div>\n<\/div>\n<h3 class=\"qodef-accordion-title\">\n\t<span class=\"qodef-accordion-number\"><\/span>\n\t<span class=\"qodef-tab-title\">Experienced Team<\/span>\n\t<span class=\"qodef-accordion-mark\">\n\t\t<svg class=\"qodef-svg--accordion-arrow\" xmlns=\"http:\/\/www.w3.org\/2000\/svg\" width=\"10.94\" height=\"13.423\" viewBox=\"0 0 10.94 13.423\"><path d=\"M5.516 0v12.51\"\/><path d=\"M10.586 7.6 5.47 12.716.354 7.6\"\/><\/svg>\t<\/span>\n<\/h3>\n<div class=\"qodef-accordion-content\">\n\t<div class=\"qodef-accordion-content-inner\">\n\t\t<p>Our teams in production, sales, and on-site are deeply knowledgeable about our bricks and other products. We see each brick as a piece of art, thanks to the dedication of every employee involved in the production process. Our primary goal is to provide maximum benefit to our customers through our team of architects and engineers, both in production and sales. We ensure our team remains well-equipped through continuous training and development programs. Our team combines their extensive experience with an innovative perspective, constantly improving our products and services by closely following the latest in the industry.<\/p>\t<\/div>\n<\/div>\n<h3 class=\"qodef-accordion-title\">\n\t<span class=\"qodef-accordion-number\"><\/span>\n\t<span class=\"qodef-tab-title\">Production Line and Capacity<\/span>\n\t<span class=\"qodef-accordion-mark\">\n\t\t<svg class=\"qodef-svg--accordion-arrow\" xmlns=\"http:\/\/www.w3.org\/2000\/svg\" width=\"10.94\" height=\"13.423\" viewBox=\"0 0 10.94 13.423\"><path d=\"M5.516 0v12.51\"\/><path d=\"M10.586 7.6 5.47 12.716.354 7.6\"\/><\/svg>\t<\/span>\n<\/h3>\n<div class=\"qodef-accordion-content\">\n\t<div class=\"qodef-accordion-content-inner\">\n\t\t<p>Our factories utilize high technology to manufacture at international standards. We conduct continuous R&amp;D activities to enhance the quality and variety of our products. Our products are manufactured in compliance with the quality standards set by the Turkish Standards Institution and also meet the standards of the USA and the UK. Our factories have an annual production capacity of 118,800 tons. We serve our domestic and international customers with products such as Pressed Bricks, Facing Bricks, Pavers, Cotto, Ekoklinker\u00ae, and Architon\u00ae.<\/p>\t<\/div>\n<\/div>\n<h3 class=\"qodef-accordion-title\">\n\t<span class=\"qodef-accordion-number\"><\/span>\n\t<span class=\"qodef-tab-title\">Wide Product Range<\/span>\n\t<span class=\"qodef-accordion-mark\">\n\t\t<svg class=\"qodef-svg--accordion-arrow\" xmlns=\"http:\/\/www.w3.org\/2000\/svg\" width=\"10.94\" height=\"13.423\" viewBox=\"0 0 10.94 13.423\"><path d=\"M5.516 0v12.51\"\/><path d=\"M10.586 7.6 5.47 12.716.354 7.6\"\/><\/svg>\t<\/span>\n<\/h3>\n<div class=\"qodef-accordion-content\">\n\t<div class=\"qodef-accordion-content-inner\">\n\t\t<p>We cover to every aspect of the construction and building sector with our extensive product range. Our product groups include I\u015f\u0131klar Pressed Bricks, I\u015f\u0131klar Facing Bricks, I\u015f\u0131klar Pavers, I\u015f\u0131klar Cotto, I\u015f\u0131klar Izoklinker\u00ae Panel System, the modern facade system Architon\u00ae widely used in contemporary facades, and Ekoklinker\u00ae, a clinker wall element filled with mineral wool. Our complementary product group includes I\u015f\u0131klar Flex Joint Filler, I\u015f\u0131klar Flex Adhesive, I\u015f\u0131klar Ceramic Adhesive and Joint Fillers, I\u015f\u0131klar Liquid Silicone, and I\u015f\u0131klar Brick Surface Cleaner. At I\u015f\u0131klar Tu\u011fla, we will proceed whilst maintaining our robustness and uniqueness in the industry, providing the highest quality solutions to our customers.<\/p>\t<\/div>\n<\/div>\n<\/div>\n\t\t\t\t<\/div>\n\t\t\t\t<\/div>\n\t\t\t\t<\/div>\n\t\t<div class=\"elementor-element elementor-element-7f0e7e3 e-con-full e-flex e-con e-child\" data-id=\"7f0e7e3\" data-element_type=\"container\" data-e-type=\"container\">\n\t\t\t\t<div class=\"elementor-element elementor-element-299d5d6 elementor-widget elementor-widget-archicon_core_image_gallery\" data-id=\"299d5d6\" data-element_type=\"widget\" data-e-type=\"widget\" data-widget_type=\"archicon_core_image_gallery.default\">\n\t\t\t\t<div class=\"elementor-widget-container\">\n\t\t\t\t\t<div class=\"qodef-shortcode qodef-m  qodef-image-gallery   qodef-grid qodef-swiper-container  qodef-gutter--normal qodef-col-num--1  qodef-responsive--predefined qodef-swiper-pagination--on\" data-options=\"{&quot;slidesPerView&quot;:&quot;1&quot;,&quot;spaceBetween&quot;:30,&quot;loop&quot;:true,&quot;autoplay&quot;:true,&quot;speed&quot;:&quot;&quot;,&quot;speedAnimation&quot;:&quot;&quot;,&quot;slideAnimation&quot;:&quot;&quot;,&quot;outsideNavigation&quot;:&quot;yes&quot;,&quot;unique&quot;:976}\">\n\t<div class=\"swiper-wrapper\">\n\t\t<div class=\"qodef-e qodef-image-wrapper swiper-slide \">\n\t\t\t<img fetchpriority=\"high\" decoding=\"async\" width=\"800\" height=\"800\" src=\"https:\/\/isiklartugla.com.tr\/wp-content\/uploads\/2024\/04\/odul4.jpg\" class=\"attachment-full size-full\" alt=\"\" srcset=\"https:\/\/isiklartugla.com.tr\/wp-content\/uploads\/2024\/04\/odul4.jpg 800w, https:\/\/isiklartugla.com.tr\/wp-content\/uploads\/2024\/04\/odul4-300x300.jpg 300w, https:\/\/isiklartugla.com.tr\/wp-content\/uploads\/2024\/04\/odul4-150x150.jpg 150w, https:\/\/isiklartugla.com.tr\/wp-content\/uploads\/2024\/04\/odul4-768x768.jpg 768w, https:\/\/isiklartugla.com.tr\/wp-content\/uploads\/2024\/04\/odul4-650x650.jpg 650w\" sizes=\"(max-width: 800px) 100vw, 800px\" \/>\t<\/div>\n<div class=\"qodef-e qodef-image-wrapper swiper-slide \">\n\t\t\t<img decoding=\"async\" width=\"800\" height=\"800\" src=\"https:\/\/isiklartugla.com.tr\/wp-content\/uploads\/2024\/04\/odul2.jpg\" class=\"attachment-full size-full\" alt=\"\" srcset=\"https:\/\/isiklartugla.com.tr\/wp-content\/uploads\/2024\/04\/odul2.jpg 800w, https:\/\/isiklartugla.com.tr\/wp-content\/uploads\/2024\/04\/odul2-300x300.jpg 300w, https:\/\/isiklartugla.com.tr\/wp-content\/uploads\/2024\/04\/odul2-150x150.jpg 150w, https:\/\/isiklartugla.com.tr\/wp-content\/uploads\/2024\/04\/odul2-768x768.jpg 768w, https:\/\/isiklartugla.com.tr\/wp-content\/uploads\/2024\/04\/odul2-650x650.jpg 650w\" sizes=\"(max-width: 800px) 100vw, 800px\" \/>\t<\/div>\n<div class=\"qodef-e qodef-image-wrapper swiper-slide \">\n\t\t\t<img decoding=\"async\" width=\"800\" height=\"800\" src=\"https:\/\/isiklartugla.com.tr\/wp-content\/uploads\/2024\/04\/odul1.jpg\" class=\"attachment-full size-full\" alt=\"\" srcset=\"https:\/\/isiklartugla.com.tr\/wp-content\/uploads\/2024\/04\/odul1.jpg 800w, https:\/\/isiklartugla.com.tr\/wp-content\/uploads\/2024\/04\/odul1-300x300.jpg 300w, https:\/\/isiklartugla.com.tr\/wp-content\/uploads\/2024\/04\/odul1-150x150.jpg 150w, https:\/\/isiklartugla.com.tr\/wp-content\/uploads\/2024\/04\/odul1-768x768.jpg 768w, https:\/\/isiklartugla.com.tr\/wp-content\/uploads\/2024\/04\/odul1-650x650.jpg 650w\" sizes=\"(max-width: 800px) 100vw, 800px\" \/>\t<\/div>\n\t<\/div>\n\t\t<div class=\"swiper-pagination\"><\/div>\n<\/div>\n\t\t\t\t<\/div>\n\t\t\t\t<\/div>\n\t\t\t\t<\/div>\n\t\t\t\t<\/div>\n\t\t<div class=\"elementor-element elementor-element-939bde0 e-con-full e-flex e-con e-parent\" data-id=\"939bde0\" data-element_type=\"container\" data-e-type=\"container\">\n\t\t<div class=\"elementor-element elementor-element-2a6a607 e-con-full e-flex e-con e-child\" data-id=\"2a6a607\" data-element_type=\"container\" data-e-type=\"container\">\n\t\t\t\t<div class=\"elementor-element elementor-element-905804c elementor-widget elementor-widget-archicon_core_counter\" data-id=\"905804c\" data-element_type=\"widget\" data-e-type=\"widget\" data-widget_type=\"archicon_core_counter.default\">\n\t\t\t\t<div class=\"elementor-widget-container\">\n\t\t\t\t\t<div class=\"qodef-shortcode qodef-m  qodef-counter qodef-layout--simple\" data-start-digit=\"1\" data-end-digit=\"50\" data-step-digit=\"5\" data-digit-label=\"+\">\n\t<div class=\"qodef-m-digit-wrapper\">\n\t\t<span class=\"qodef-m-digit\" ><\/span>\n\t<\/div>\n\t<div class=\"qodef-m-content\" >\n\t\t\t<h5 class=\"qodef-m-title\" >\n\t\t\t\t\tOver 50 Years of Experience\t\t\t<\/h5>\n\t\t\t<\/div>\n<\/div>\n\t\t\t\t<\/div>\n\t\t\t\t<\/div>\n\t\t\t\t<\/div>\n\t\t<div class=\"elementor-element elementor-element-a10cd8c e-con-full e-flex e-con e-child\" data-id=\"a10cd8c\" data-element_type=\"container\" data-e-type=\"container\">\n\t\t\t\t<div class=\"elementor-element elementor-element-d062d12 elementor-widget elementor-widget-archicon_core_counter\" data-id=\"d062d12\" data-element_type=\"widget\" data-e-type=\"widget\" data-widget_type=\"archicon_core_counter.default\">\n\t\t\t\t<div class=\"elementor-widget-container\">\n\t\t\t\t\t<div class=\"qodef-shortcode qodef-m  qodef-counter qodef-layout--simple\" data-start-digit=\"1\" data-end-digit=\"40\" data-step-digit=\"5\" data-digit-label=\"+\">\n\t<div class=\"qodef-m-digit-wrapper\">\n\t\t<span class=\"qodef-m-digit\" ><\/span>\n\t<\/div>\n\t<div class=\"qodef-m-content\" >\n\t\t\t<h5 class=\"qodef-m-title\" >\n\t\t\t\t\tExports to Over 40 Countries\t\t\t<\/h5>\n\t\t\t<\/div>\n<\/div>\n\t\t\t\t<\/div>\n\t\t\t\t<\/div>\n\t\t\t\t<\/div>\n\t\t<div class=\"elementor-element elementor-element-bd3f7ba e-con-full e-flex e-con e-child\" data-id=\"bd3f7ba\" data-element_type=\"container\" data-e-type=\"container\">\n\t\t\t\t<div class=\"elementor-element elementor-element-c248a80 elementor-widget elementor-widget-archicon_core_counter\" data-id=\"c248a80\" data-element_type=\"widget\" data-e-type=\"widget\" data-widget_type=\"archicon_core_counter.default\">\n\t\t\t\t<div class=\"elementor-widget-container\">\n\t\t\t\t\t<div class=\"qodef-shortcode qodef-m  qodef-counter qodef-layout--simple\" data-start-digit=\"1\" data-end-digit=\"250\" data-step-digit=\"25\" data-digit-label=\"+\">\n\t<div class=\"qodef-m-digit-wrapper\">\n\t\t<span class=\"qodef-m-digit\" ><\/span>\n\t<\/div>\n\t<div class=\"qodef-m-content\" >\n\t\t\t<h5 class=\"qodef-m-title\" >\n\t\t\t\t\t250+ Employees\t\t\t<\/h5>\n\t\t\t<\/div>\n<\/div>\n\t\t\t\t<\/div>\n\t\t\t\t<\/div>\n\t\t\t\t<\/div>\n\t\t<div class=\"elementor-element elementor-element-7c8d627 e-con-full e-flex e-con e-child\" data-id=\"7c8d627\" data-element_type=\"container\" data-e-type=\"container\">\n\t\t\t\t<div class=\"elementor-element elementor-element-112c76d elementor-widget elementor-widget-archicon_core_counter\" data-id=\"112c76d\" data-element_type=\"widget\" data-e-type=\"widget\" data-widget_type=\"archicon_core_counter.default\">\n\t\t\t\t<div class=\"elementor-widget-container\">\n\t\t\t\t\t<div class=\"qodef-shortcode qodef-m  qodef-counter qodef-layout--simple\" data-start-digit=\"1\" data-end-digit=\"118.800 \" data-step-digit=\"1000\" data-digit-label=\"Tons\">\n\t<div class=\"qodef-m-digit-wrapper\">\n\t\t<span class=\"qodef-m-digit\" ><\/span>\n\t<\/div>\n\t<div class=\"qodef-m-content\" >\n\t\t\t<h5 class=\"qodef-m-title\" >\n\t\t\t\t\t118,800 Tons Annual Production\t\t\t<\/h5>\n\t\t\t<\/div>\n<\/div>\n\t\t\t\t<\/div>\n\t\t\t\t<\/div>\n\t\t\t\t<\/div>\n\t\t\t\t<\/div>\n\t\t\t\t<\/div>\n\t\t","protected":false},"excerpt":{"rendered":"<p>AboutAbout Us As I\u015f\u0131klar Brick, we started our journey in 1973 with the aim of providing robust, reliable and functional products to buildings. Operating under I\u015f\u0131klar Holding, I\u015f\u0131klar Tu\u011fla (I\u015f\u0131klar \u0130n\u015faat Malzemeleri A.\u015e.) manufactures clinker bricks for facades, floors, and interiors, as well as thermal insulation solutions for exterior facades and sound insulation solutions for [&hellip;]<\/p>\n","protected":false},"author":2,"featured_media":0,"parent":0,"menu_order":0,"comment_status":"closed","ping_status":"closed","template":"elementor_header_footer","meta":{"footnotes":""},"class_list":["post-21656","page","type-page","status-publish","hentry"],"_links":{"self":[{"href":"https:\/\/isiklartugla.com.tr\/en\/wp-json\/wp\/v2\/pages\/21656","targetHints":{"allow":["GET"]}}],"collection":[{"href":"https:\/\/isiklartugla.com.tr\/en\/wp-json\/wp\/v2\/pages"}],"about":[{"href":"https:\/\/isiklartugla.com.tr\/en\/wp-json\/wp\/v2\/types\/page"}],"author":[{"embeddable":true,"href":"https:\/\/isiklartugla.com.tr\/en\/wp-json\/wp\/v2\/users\/2"}],"replies":[{"embeddable":true,"href":"https:\/\/isiklartugla.com.tr\/en\/wp-json\/wp\/v2\/comments?post=21656"}],"version-history":[{"count":19,"href":"https:\/\/isiklartugla.com.tr\/en\/wp-json\/wp\/v2\/pages\/21656\/revisions"}],"predecessor-version":[{"id":23162,"href":"https:\/\/isiklartugla.com.tr\/en\/wp-json\/wp\/v2\/pages\/21656\/revisions\/23162"}],"wp:attachment":[{"href":"https:\/\/isiklartugla.com.tr\/en\/wp-json\/wp\/v2\/media?parent=21656"}],"curies":[{"name":"wp","href":"https:\/\/api.w.org\/{rel}","templated":true}]}}