{"id":21659,"date":"2024-03-07T13:01:00","date_gmt":"2024-03-07T10:01:00","guid":{"rendered":"https:\/\/isiklartugla.com.tr\/isi-yalitim-sistemleri\/"},"modified":"2025-10-01T15:54:28","modified_gmt":"2025-10-01T12:54:28","slug":"heat-insolition-systems","status":"publish","type":"page","link":"https:\/\/isiklartugla.com.tr\/en\/heat-insolition-systems\/","title":{"rendered":"Heat Insulation Systems"},"content":{"rendered":"\t\t<div data-elementor-type=\"wp-page\" data-elementor-id=\"21659\" class=\"elementor elementor-21659 elementor-15513\" data-elementor-post-type=\"page\">\n\t\t\t\t<div class=\"elementor-element elementor-element-eeca511 e-flex e-con-boxed e-con e-parent\" data-id=\"eeca511\" data-element_type=\"container\" data-e-type=\"container\" data-settings=\"{&quot;background_background&quot;:&quot;classic&quot;}\">\n\t\t\t\t\t<div class=\"e-con-inner\">\n\t\t\t\t\t<\/div>\n\t\t\t\t<\/div>\n\t\t<div class=\"elementor-element elementor-element-c915260 e-flex e-con-boxed e-con e-parent\" data-id=\"c915260\" data-element_type=\"container\" data-e-type=\"container\" data-settings=\"{&quot;background_background&quot;:&quot;classic&quot;}\">\n\t\t\t\t\t<div class=\"e-con-inner\">\n\t\t<div class=\"elementor-element elementor-element-b7ed3cf e-con-full e-flex e-con e-child\" data-id=\"b7ed3cf\" data-element_type=\"container\" data-e-type=\"container\">\n\t\t<div class=\"elementor-element elementor-element-f2fb3dd e-con-full e-flex e-con e-child\" data-id=\"f2fb3dd\" data-element_type=\"container\" data-e-type=\"container\">\n\t\t\t\t<div class=\"elementor-element elementor-element-bad3ff8 elementor-widget elementor-widget-image\" data-id=\"bad3ff8\" data-element_type=\"widget\" data-e-type=\"widget\" data-widget_type=\"image.default\">\n\t\t\t\t<div class=\"elementor-widget-container\">\n\t\t\t\t\t\t\t\t\t\t\t\t\t\t\t<img fetchpriority=\"high\" decoding=\"async\" width=\"1300\" height=\"1280\" src=\"https:\/\/isiklartugla.com.tr\/wp-content\/uploads\/2024\/03\/isi-yalirim-sistemleri-1300x1280.jpg\" class=\"attachment-qi_blocks_image_size_huge_square size-qi_blocks_image_size_huge_square wp-image-20704\" alt=\"\" \/>\t\t\t\t\t\t\t\t\t\t\t\t\t\t\t<\/div>\n\t\t\t\t<\/div>\n\t\t\t\t<\/div>\n\t\t<div class=\"elementor-element elementor-element-b97726a e-con-full e-flex e-con e-child\" data-id=\"b97726a\" data-element_type=\"container\" data-e-type=\"container\">\n\t\t\t\t<div class=\"elementor-element elementor-element-ca055d5 elementor-widget elementor-widget-heading\" data-id=\"ca055d5\" data-element_type=\"widget\" data-e-type=\"widget\" data-widget_type=\"heading.default\">\n\t\t\t\t<div class=\"elementor-widget-container\">\n\t\t\t\t\t<h4 class=\"elementor-heading-title elementor-size-default\">Thermal Insulation Systems<\/h4>\t\t\t\t<\/div>\n\t\t\t\t<\/div>\n\t\t\t\t<div class=\"elementor-element elementor-element-408b143 elementor-widget elementor-widget-text-editor\" data-id=\"408b143\" data-element_type=\"widget\" data-e-type=\"widget\" data-widget_type=\"text-editor.default\">\n\t\t\t\t<div class=\"elementor-widget-container\">\n\t\t\t\t\t\t\t\t\t<p><strong>Delivers energy savings.<\/strong><\/p><p>I\u015f\u0131klar Thermal Insulation Systems reduce heat load from the outside during summer and minimize heat loss in winter. With these features, they lower the energy required for heating and cooling, providing sustainable energy savings for buildings.<\/p><p><strong>Provides an aesthetic appearance.<\/strong><\/p><p>Clinker brick slips applied on I\u015f\u0131klar insulation boards add an aesthetic look to buildings with a wide range of color and texture options. Thanks to these variations, they meet both modern and traditional architectural expectations, giving fa\u00e7ades a distinctive character.<\/p><p><strong>Long &#8211; lasting.<\/strong><\/p><p>As the final layer of the system, I\u015f\u0131klar brick slips are produced from natural raw materials and are highly resistant to frost, rain, and all weather conditions. With this durability, they can be used throughout the building\u2019s lifetime without requiring maintenance<\/p>\t\t\t\t\t\t\t\t<\/div>\n\t\t\t\t<\/div>\n\t\t\t\t<\/div>\n\t\t\t\t<\/div>\n\t\t\t\t\t<\/div>\n\t\t\t\t<\/div>\n\t\t<div class=\"elementor-element elementor-element-414dc02 e-flex e-con-boxed e-con e-parent\" data-id=\"414dc02\" data-element_type=\"container\" data-e-type=\"container\" data-settings=\"{&quot;background_background&quot;:&quot;classic&quot;}\">\n\t\t\t\t\t<div class=\"e-con-inner\">\n\t\t\t\t<div class=\"elementor-element elementor-element-e3b51ed elementor-widget elementor-widget-text-editor\" data-id=\"e3b51ed\" data-element_type=\"widget\" data-e-type=\"widget\" data-widget_type=\"text-editor.default\">\n\t\t\t\t<div class=\"elementor-widget-container\">\n\t\t\t\t\t\t\t\t\t<p class=\"western\" lang=\"tr-TR\"><span lang=\"en-US\">The I\u015f\u0131klar cladding bricks used as the top layer of the system are made from natural raw materials. They are resistant to frost, rain, and all kinds of weather conditions, ensuring long-lasting use throughout the building&#8217;s lifespan.<\/span><\/p><p class=\"western\" lang=\"tr-TR\"><span lang=\"en-US\">The system involves XPS insulation boards made suitable for installation by cutting channels that match the sizes of I\u015f\u0131klar cladding bricks. These healthy, safe, and lightweight exterior cladding systems have been tested on new buildings. The complete insulation systems, which are commercialized as a package, include channeled XPS, I\u015f\u0131klar clinker cladding bricks, I\u015f\u0131klar flex adhesive, I\u015f\u0131klar flex joint filler, and plastic dowels selected according to the wall type.<\/span><\/p><p class=\"western\" lang=\"tr-TR\"><span lang=\"en-US\"><b>&#8211; <\/b><\/span><span lang=\"en-US\">9m\u00b2 insulation board<\/span><\/p><p class=\"western\" lang=\"tr-TR\"><span lang=\"en-US\">&#8211; XPS Dimensions: 60 x 1250 mm<\/span><\/p><p class=\"western\" lang=\"tr-TR\"><span lang=\"en-US\">&#8211; Thickness: 35-55-80 mm<br \/><br \/><\/span><\/p><p class=\"western\" lang=\"tr-TR\"><span lang=\"en-US\"><b>Application Technique<\/b><\/span><\/p><p class=\"western\" lang=\"tr-TR\"><span lang=\"en-US\">Thermal insulation panel systems are applied to the exterior surfaces of load-bearing structural elements such as reinforced concrete walls, brick, aerated concrete, and columns and beams in both existing building facade renovations and new buildings. The system is installed to cover all thermal bridges, ensuring comprehensive insulation.<\/span><\/p>\t\t\t\t\t\t\t\t<\/div>\n\t\t\t\t<\/div>\n\t\t\t\t\t<\/div>\n\t\t\t\t<\/div>\n\t\t<div class=\"elementor-element elementor-element-61ae2c7 e-flex e-con-boxed e-con e-parent\" data-id=\"61ae2c7\" data-element_type=\"container\" data-e-type=\"container\">\n\t\t\t\t\t<div class=\"e-con-inner\">\n\t\t\t\t<div class=\"elementor-element elementor-element-a4c740d elementor-widget elementor-widget-heading\" data-id=\"a4c740d\" data-element_type=\"widget\" data-e-type=\"widget\" data-widget_type=\"heading.default\">\n\t\t\t\t<div class=\"elementor-widget-container\">\n\t\t\t\t\t<h3 class=\"elementor-heading-title elementor-size-default\">Izoklinker\u00ae Systems<\/h3>\t\t\t\t<\/div>\n\t\t\t\t<\/div>\n\t\t\t\t<div class=\"elementor-element elementor-element-fa4c987 gallery-spacing-custom product-page-gallery-2 elementor-widget elementor-widget-image-gallery\" data-id=\"fa4c987\" data-element_type=\"widget\" data-e-type=\"widget\" data-widget_type=\"image-gallery.default\">\n\t\t\t\t<div class=\"elementor-widget-container\">\n\t\t\t\t\t\t\t<div class=\"elementor-image-gallery\">\n\t\t\t\n\t\t<style type=\"text\/css\">\n\t\t\t#gallery-1 {\n\t\t\t\tmargin: auto;\n\t\t\t}\n\t\t\t#gallery-1 .gallery-item {\n\t\t\t\tfloat: left;\n\t\t\t\tmargin-top: 10px;\n\t\t\t\ttext-align: center;\n\t\t\t\twidth: 25%;\n\t\t\t}\n\t\t\t#gallery-1 img {\n\t\t\t\tborder: 2px solid #cfcfcf;\n\t\t\t}\n\t\t\t#gallery-1 .gallery-caption {\n\t\t\t\tmargin-left: 0;\n\t\t\t}\n\t\t\t\/* see gallery_shortcode() in wp-includes\/media.php *\/\n\t\t<\/style>\n\t\t<div id='gallery-1' class='gallery galleryid-21659 gallery-columns-4 gallery-size-medium'><dl class='gallery-item'>\n\t\t\t<dt class='gallery-icon landscape'>\n\t\t\t\t<a data-elementor-open-lightbox=\"yes\" data-elementor-lightbox-slideshow=\"fa4c987\" data-elementor-lightbox-title=\"Isiklar-\u0130zoklinker System_EN\" data-e-action-hash=\"#elementor-action%3Aaction%3Dlightbox%26settings%3DeyJpZCI6MjI2NTAsInVybCI6Imh0dHBzOlwvXC9pc2lrbGFydHVnbGEuY29tLnRyXC93cC1jb250ZW50XC91cGxvYWRzXC8yMDI0XC8xMVwvSXNpa2xhci1Jem9rbGlua2VyLVN5c3RlbV9FTi5qcGciLCJzbGlkZXNob3ciOiJmYTRjOTg3In0%3D\" href='https:\/\/isiklartugla.com.tr\/wp-content\/uploads\/2024\/11\/Isiklar-Izoklinker-System_EN.jpg'><img decoding=\"async\" width=\"300\" height=\"144\" src=\"https:\/\/isiklartugla.com.tr\/wp-content\/uploads\/2024\/11\/Isiklar-Izoklinker-System_EN-300x144.jpg\" class=\"attachment-medium size-medium\" alt=\"\" srcset=\"https:\/\/isiklartugla.com.tr\/wp-content\/uploads\/2024\/11\/Isiklar-Izoklinker-System_EN-300x144.jpg 300w, https:\/\/isiklartugla.com.tr\/wp-content\/uploads\/2024\/11\/Isiklar-Izoklinker-System_EN-1024x493.jpg 1024w, https:\/\/isiklartugla.com.tr\/wp-content\/uploads\/2024\/11\/Isiklar-Izoklinker-System_EN-768x370.jpg 768w, https:\/\/isiklartugla.com.tr\/wp-content\/uploads\/2024\/11\/Isiklar-Izoklinker-System_EN-1536x739.jpg 1536w, https:\/\/isiklartugla.com.tr\/wp-content\/uploads\/2024\/11\/Isiklar-Izoklinker-System_EN.jpg 1945w\" sizes=\"(max-width: 300px) 100vw, 300px\" \/><\/a>\n\t\t\t<\/dt><\/dl>\n\t\t\t<br style='clear: both' \/>\n\t\t<\/div>\n\t\t<\/div>\n\t\t\t\t\t\t<\/div>\n\t\t\t\t<\/div>\n\t\t\t\t<div class=\"elementor-element elementor-element-b869664 elementor-widget elementor-widget-accordion\" data-id=\"b869664\" data-element_type=\"widget\" data-e-type=\"widget\" data-widget_type=\"accordion.default\">\n\t\t\t\t<div class=\"elementor-widget-container\">\n\t\t\t\t\t\t\t<div class=\"elementor-accordion\">\n\t\t\t\t\t\t\t<div class=\"elementor-accordion-item\">\n\t\t\t\t\t<div id=\"elementor-tab-title-1931\" class=\"elementor-tab-title\" data-tab=\"1\" role=\"button\" aria-controls=\"elementor-tab-content-1931\" aria-expanded=\"false\">\n\t\t\t\t\t\t\t\t\t\t\t\t\t<span class=\"elementor-accordion-icon elementor-accordion-icon-left\" aria-hidden=\"true\">\n\t\t\t\t\t\t\t\t\t\t\t\t\t\t\t<span class=\"elementor-accordion-icon-closed\"><svg class=\"e-font-icon-svg e-fas-plus\" viewBox=\"0 0 448 512\" xmlns=\"http:\/\/www.w3.org\/2000\/svg\"><path d=\"M416 208H272V64c0-17.67-14.33-32-32-32h-32c-17.67 0-32 14.33-32 32v144H32c-17.67 0-32 14.33-32 32v32c0 17.67 14.33 32 32 32h144v144c0 17.67 14.33 32 32 32h32c17.67 0 32-14.33 32-32V304h144c17.67 0 32-14.33 32-32v-32c0-17.67-14.33-32-32-32z\"><\/path><\/svg><\/span>\n\t\t\t\t\t\t\t\t<span class=\"elementor-accordion-icon-opened\"><svg class=\"e-font-icon-svg e-fas-minus\" viewBox=\"0 0 448 512\" xmlns=\"http:\/\/www.w3.org\/2000\/svg\"><path d=\"M416 208H32c-17.67 0-32 14.33-32 32v32c0 17.67 14.33 32 32 32h384c17.67 0 32-14.33 32-32v-32c0-17.67-14.33-32-32-32z\"><\/path><\/svg><\/span>\n\t\t\t\t\t\t\t\t\t\t\t\t\t\t<\/span>\n\t\t\t\t\t\t\t\t\t\t\t\t<a class=\"elementor-accordion-title\" tabindex=\"0\">Technical Details<\/a>\n\t\t\t\t\t<\/div>\n\t\t\t\t\t<div id=\"elementor-tab-content-1931\" class=\"elementor-tab-content elementor-clearfix\" data-tab=\"1\" role=\"region\" aria-labelledby=\"elementor-tab-title-1931\"><div class=\"result\">9m2 Heat Insulation Board (XPS)<br \/>9m\u00b2 Insulation Board (XPS)<br \/>XPS Dimensions: 60 x 1250 mm<br \/>Thickness: 35-55-80 mm<br \/>60 Pieces Plastik Anhors<br \/>2 Bags (50kg) Is\u0131klar Flex Adhesive<br \/>9m2 Is\u0131klar Clinker Brick Slip (215x65x15 mm)<br \/>Color: Red, Brown, Yellow, White, Gredient<br \/>2 Bags (40kg) Is\u0131klar Joint Filler<br \/>Colors: Gray, Brown, Beige, Black, Red<\/div><div>\u00a0<\/div><div>You can access the drawing file of the Izoklinker product by <a href=\"#\">clicking here<\/a>.<\/div><\/div>\n\t\t\t\t<\/div>\n\t\t\t\t\t\t\t\t<\/div>\n\t\t\t\t\t\t<\/div>\n\t\t\t\t<\/div>\n\t\t\t\t\t<\/div>\n\t\t\t\t<\/div>\n\t\t<div class=\"elementor-element elementor-element-a761313 e-flex e-con-boxed e-con e-parent\" data-id=\"a761313\" data-element_type=\"container\" data-e-type=\"container\">\n\t\t\t\t\t<div class=\"e-con-inner\">\n\t\t\t\t<div class=\"elementor-element elementor-element-81ef468 elementor-widget elementor-widget-heading\" data-id=\"81ef468\" data-element_type=\"widget\" data-e-type=\"widget\" data-widget_type=\"heading.default\">\n\t\t\t\t<div class=\"elementor-widget-container\">\n\t\t\t\t\t<h3 class=\"elementor-heading-title elementor-size-default\">I-S Board Systems<\/h3>\t\t\t\t<\/div>\n\t\t\t\t<\/div>\n\t\t\t\t<div class=\"elementor-element elementor-element-f9335aa gallery-spacing-custom product-page-gallery-2 elementor-widget elementor-widget-image-gallery\" data-id=\"f9335aa\" data-element_type=\"widget\" data-e-type=\"widget\" data-widget_type=\"image-gallery.default\">\n\t\t\t\t<div class=\"elementor-widget-container\">\n\t\t\t\t\t\t\t<div class=\"elementor-image-gallery\">\n\t\t\t\t\t<\/div>\n\t\t\t\t\t\t<\/div>\n\t\t\t\t<\/div>\n\t\t\t\t<div class=\"elementor-element elementor-element-2f213be elementor-widget elementor-widget-accordion\" data-id=\"2f213be\" data-element_type=\"widget\" data-e-type=\"widget\" data-widget_type=\"accordion.default\">\n\t\t\t\t<div class=\"elementor-widget-container\">\n\t\t\t\t\t\t\t<div class=\"elementor-accordion\">\n\t\t\t\t\t\t\t<div class=\"elementor-accordion-item\">\n\t\t\t\t\t<div id=\"elementor-tab-title-4941\" class=\"elementor-tab-title\" data-tab=\"1\" role=\"button\" aria-controls=\"elementor-tab-content-4941\" aria-expanded=\"false\">\n\t\t\t\t\t\t\t\t\t\t\t\t\t<span class=\"elementor-accordion-icon elementor-accordion-icon-left\" aria-hidden=\"true\">\n\t\t\t\t\t\t\t\t\t\t\t\t\t\t\t<span class=\"elementor-accordion-icon-closed\"><svg class=\"e-font-icon-svg e-fas-plus\" viewBox=\"0 0 448 512\" xmlns=\"http:\/\/www.w3.org\/2000\/svg\"><path d=\"M416 208H272V64c0-17.67-14.33-32-32-32h-32c-17.67 0-32 14.33-32 32v144H32c-17.67 0-32 14.33-32 32v32c0 17.67 14.33 32 32 32h144v144c0 17.67 14.33 32 32 32h32c17.67 0 32-14.33 32-32V304h144c17.67 0 32-14.33 32-32v-32c0-17.67-14.33-32-32-32z\"><\/path><\/svg><\/span>\n\t\t\t\t\t\t\t\t<span class=\"elementor-accordion-icon-opened\"><svg class=\"e-font-icon-svg e-fas-minus\" viewBox=\"0 0 448 512\" xmlns=\"http:\/\/www.w3.org\/2000\/svg\"><path d=\"M416 208H32c-17.67 0-32 14.33-32 32v32c0 17.67 14.33 32 32 32h384c17.67 0 32-14.33 32-32v-32c0-17.67-14.33-32-32-32z\"><\/path><\/svg><\/span>\n\t\t\t\t\t\t\t\t\t\t\t\t\t\t<\/span>\n\t\t\t\t\t\t\t\t\t\t\t\t<a class=\"elementor-accordion-title\" tabindex=\"0\">Technical Details<\/a>\n\t\t\t\t\t<\/div>\n\t\t\t\t\t<div id=\"elementor-tab-content-4941\" class=\"elementor-tab-content elementor-clearfix\" data-tab=\"1\" role=\"region\" aria-labelledby=\"elementor-tab-title-4941\"><p><a href=\"https:\/\/isiklartugla.com.tr\/wp-content\/uploads\/2024\/11\/Isiklar-I-S-BOARD_EN-1.jpg\"><img decoding=\"async\" class=\"alignnone wp-image-22891 size-medium\" src=\"https:\/\/isiklartugla.com.tr\/wp-content\/uploads\/2024\/11\/Isiklar-I-S-BOARD_EN-1-300x144.jpg\" alt=\"\" width=\"300\" height=\"144\" srcset=\"https:\/\/isiklartugla.com.tr\/wp-content\/uploads\/2024\/11\/Isiklar-I-S-BOARD_EN-1-300x144.jpg 300w, https:\/\/isiklartugla.com.tr\/wp-content\/uploads\/2024\/11\/Isiklar-I-S-BOARD_EN-1-1024x493.jpg 1024w, https:\/\/isiklartugla.com.tr\/wp-content\/uploads\/2024\/11\/Isiklar-I-S-BOARD_EN-1-768x370.jpg 768w, https:\/\/isiklartugla.com.tr\/wp-content\/uploads\/2024\/11\/Isiklar-I-S-BOARD_EN-1-1536x739.jpg 1536w, https:\/\/isiklartugla.com.tr\/wp-content\/uploads\/2024\/11\/Isiklar-I-S-BOARD_EN-1.jpg 1945w\" sizes=\"(max-width: 300px) 100vw, 300px\" \/><\/a><\/p><p>445x1200x0,50mm Galvanized Board: 2 pcs<br \/>Metal Anchor140mm: 10 pcs<br \/>Polyurethane Mastic: 1 pcs<br \/>Rockwool: 1m2<br \/>Is\u0131klar Flex Joint Filler: 4.44 kg.<br \/>Is\u0131klar Clinker Brick Slip (215x65x15 mm): 60 pcs<\/p><\/div>\n\t\t\t\t<\/div>\n\t\t\t\t\t\t\t\t<\/div>\n\t\t\t\t\t\t<\/div>\n\t\t\t\t<\/div>\n\t\t\t\t\t<\/div>\n\t\t\t\t<\/div>\n\t\t\t\t<\/div>\n\t\t","protected":false},"excerpt":{"rendered":"<p>Thermal Insulation Systems Delivers energy savings. I\u015f\u0131klar Thermal Insulation Systems reduce heat load from the outside during summer and minimize heat loss in winter. With these features, they lower the energy required for heating and cooling, providing sustainable energy savings for buildings. Provides an aesthetic appearance. Clinker brick slips applied on I\u015f\u0131klar insulation boards add [&hellip;]<\/p>\n","protected":false},"author":2,"featured_media":0,"parent":0,"menu_order":0,"comment_status":"closed","ping_status":"closed","template":"page-full-width.php","meta":{"footnotes":""},"class_list":["post-21659","page","type-page","status-publish","hentry"],"_links":{"self":[{"href":"https:\/\/isiklartugla.com.tr\/en\/wp-json\/wp\/v2\/pages\/21659","targetHints":{"allow":["GET"]}}],"collection":[{"href":"https:\/\/isiklartugla.com.tr\/en\/wp-json\/wp\/v2\/pages"}],"about":[{"href":"https:\/\/isiklartugla.com.tr\/en\/wp-json\/wp\/v2\/types\/page"}],"author":[{"embeddable":true,"href":"https:\/\/isiklartugla.com.tr\/en\/wp-json\/wp\/v2\/users\/2"}],"replies":[{"embeddable":true,"href":"https:\/\/isiklartugla.com.tr\/en\/wp-json\/wp\/v2\/comments?post=21659"}],"version-history":[{"count":45,"href":"https:\/\/isiklartugla.com.tr\/en\/wp-json\/wp\/v2\/pages\/21659\/revisions"}],"predecessor-version":[{"id":26963,"href":"https:\/\/isiklartugla.com.tr\/en\/wp-json\/wp\/v2\/pages\/21659\/revisions\/26963"}],"wp:attachment":[{"href":"https:\/\/isiklartugla.com.tr\/en\/wp-json\/wp\/v2\/media?parent=21659"}],"curies":[{"name":"wp","href":"https:\/\/api.w.org\/{rel}","templated":true}]}}