{"id":21660,"date":"2024-03-07T12:57:01","date_gmt":"2024-03-07T09:57:01","guid":{"rendered":"https:\/\/isiklartugla.com.tr\/isiklar-grc\/"},"modified":"2025-10-01T17:11:00","modified_gmt":"2025-10-01T14:11:00","slug":"isiklar-grc","status":"publish","type":"page","link":"https:\/\/isiklartugla.com.tr\/en\/isiklar-grc\/","title":{"rendered":"I\u015f\u0131klar GRC"},"content":{"rendered":"\t\t<div data-elementor-type=\"wp-page\" data-elementor-id=\"21660\" class=\"elementor elementor-21660 elementor-15497\" data-elementor-post-type=\"page\">\n\t\t\t\t<div class=\"elementor-element elementor-element-6555cbf e-flex e-con-boxed e-con e-parent\" data-id=\"6555cbf\" data-element_type=\"container\" data-e-type=\"container\" data-settings=\"{&quot;background_background&quot;:&quot;classic&quot;}\">\n\t\t\t\t\t<div class=\"e-con-inner\">\n\t\t\t\t\t<\/div>\n\t\t\t\t<\/div>\n\t\t<div class=\"elementor-element elementor-element-c915260 e-flex e-con-boxed e-con e-parent\" data-id=\"c915260\" data-element_type=\"container\" data-e-type=\"container\" data-settings=\"{&quot;background_background&quot;:&quot;classic&quot;}\">\n\t\t\t\t\t<div class=\"e-con-inner\">\n\t\t<div class=\"elementor-element elementor-element-b7ed3cf e-con-full e-flex e-con e-child\" data-id=\"b7ed3cf\" data-element_type=\"container\" data-e-type=\"container\">\n\t\t<div class=\"elementor-element elementor-element-f2fb3dd e-con-full e-flex e-con e-child\" data-id=\"f2fb3dd\" data-element_type=\"container\" data-e-type=\"container\">\n\t\t\t\t<div class=\"elementor-element elementor-element-bad3ff8 elementor-widget elementor-widget-image\" data-id=\"bad3ff8\" data-element_type=\"widget\" data-e-type=\"widget\" data-widget_type=\"image.default\">\n\t\t\t\t<div class=\"elementor-widget-container\">\n\t\t\t\t\t\t\t\t\t\t\t\t\t\t\t<img fetchpriority=\"high\" decoding=\"async\" width=\"1024\" height=\"683\" src=\"https:\/\/isiklartugla.com.tr\/wp-content\/uploads\/2024\/03\/grc-1024x683.jpg\" class=\"attachment-large size-large wp-image-20699\" alt=\"\" srcset=\"https:\/\/isiklartugla.com.tr\/wp-content\/uploads\/2024\/03\/grc-1024x683.jpg 1024w, https:\/\/isiklartugla.com.tr\/wp-content\/uploads\/2024\/03\/grc-300x200.jpg 300w, https:\/\/isiklartugla.com.tr\/wp-content\/uploads\/2024\/03\/grc-768x512.jpg 768w, https:\/\/isiklartugla.com.tr\/wp-content\/uploads\/2024\/03\/grc-1536x1024.jpg 1536w, https:\/\/isiklartugla.com.tr\/wp-content\/uploads\/2024\/03\/grc.jpg 1920w\" sizes=\"(max-width: 1024px) 100vw, 1024px\" \/>\t\t\t\t\t\t\t\t\t\t\t\t\t\t\t<\/div>\n\t\t\t\t<\/div>\n\t\t\t\t<\/div>\n\t\t<div class=\"elementor-element elementor-element-b97726a e-con-full e-flex e-con e-child\" data-id=\"b97726a\" data-element_type=\"container\" data-e-type=\"container\">\n\t\t\t\t<div class=\"elementor-element elementor-element-ca055d5 elementor-widget elementor-widget-heading\" data-id=\"ca055d5\" data-element_type=\"widget\" data-e-type=\"widget\" data-widget_type=\"heading.default\">\n\t\t\t\t<div class=\"elementor-widget-container\">\n\t\t\t\t\t<h4 class=\"elementor-heading-title elementor-size-default\">I\u015f\u0131klar GRC<\/h4>\t\t\t\t<\/div>\n\t\t\t\t<\/div>\n\t\t\t\t<div class=\"elementor-element elementor-element-408b143 elementor-widget elementor-widget-text-editor\" data-id=\"408b143\" data-element_type=\"widget\" data-e-type=\"widget\" data-widget_type=\"text-editor.default\">\n\t\t\t\t<div class=\"elementor-widget-container\">\n\t\t\t\t\t\t\t\t\t<p>GRC is an advanced fa\u00e7ade cladding material produced by combining alkali-resistant glass fibre with cement and various chemical additives, then applying the mixture into moulds. During production, either the spray-up technique or the premix casting method is used.<\/p><p>Specially developed for brick applications, GRC fa\u00e7ade panels feature channels on their surface that match brick slip dimensions. This design enables fast, precise, and skill-independent installation of brick cladding.<\/p><p>The channelled GRC panels are manufactured by Ni\u011fba\u015f Ni\u011fde Beton San. Tic. A.\u015e., a member of the I\u015f\u0131klar Group, and are available in the standard size of 600 x 1250 mm.<\/p><p>As an A1 non-combustible material, GRC ensures that each element responds independently under seismic loads when installed with proper techniques. This makes it an indispensable fa\u00e7ade solution for high-rise buildings, combining safety, durability, and aesthetics.<\/p>\t\t\t\t\t\t\t\t<\/div>\n\t\t\t\t<\/div>\n\t\t\t\t<\/div>\n\t\t\t\t<\/div>\n\t\t\t\t\t<\/div>\n\t\t\t\t<\/div>\n\t\t<div class=\"elementor-element elementor-element-efba928 e-flex e-con-boxed e-con e-parent\" data-id=\"efba928\" data-element_type=\"container\" data-e-type=\"container\">\n\t\t\t\t\t<div class=\"e-con-inner\">\n\t\t\t\t<div class=\"elementor-element elementor-element-79acec7 elementor-widget elementor-widget-heading\" data-id=\"79acec7\" data-element_type=\"widget\" data-e-type=\"widget\" data-widget_type=\"heading.default\">\n\t\t\t\t<div class=\"elementor-widget-container\">\n\t\t\t\t\t<h3 class=\"elementor-heading-title elementor-size-default\">GRC<\/h3>\t\t\t\t<\/div>\n\t\t\t\t<\/div>\n\t\t\t\t<div class=\"elementor-element elementor-element-4dcd87a gallery-spacing-custom product-page-gallery-2 elementor-widget elementor-widget-image-gallery\" data-id=\"4dcd87a\" data-element_type=\"widget\" data-e-type=\"widget\" data-widget_type=\"image-gallery.default\">\n\t\t\t\t<div class=\"elementor-widget-container\">\n\t\t\t\t\t\t\t<div class=\"elementor-image-gallery\">\n\t\t\t\n\t\t<style type=\"text\/css\">\n\t\t\t#gallery-1 {\n\t\t\t\tmargin: auto;\n\t\t\t}\n\t\t\t#gallery-1 .gallery-item {\n\t\t\t\tfloat: left;\n\t\t\t\tmargin-top: 10px;\n\t\t\t\ttext-align: center;\n\t\t\t\twidth: 25%;\n\t\t\t}\n\t\t\t#gallery-1 img {\n\t\t\t\tborder: 2px solid #cfcfcf;\n\t\t\t}\n\t\t\t#gallery-1 .gallery-caption {\n\t\t\t\tmargin-left: 0;\n\t\t\t}\n\t\t\t\/* see gallery_shortcode() in wp-includes\/media.php *\/\n\t\t<\/style>\n\t\t<div id='gallery-1' class='gallery galleryid-21660 gallery-columns-4 gallery-size-medium'><dl class='gallery-item'>\n\t\t\t<dt class='gallery-icon landscape'>\n\t\t\t\t<a data-elementor-open-lightbox=\"yes\" data-elementor-lightbox-slideshow=\"4dcd87a\" data-elementor-lightbox-title=\"I\u015f\u0131klar GRC System EN\" data-e-action-hash=\"#elementor-action%3Aaction%3Dlightbox%26settings%3DeyJpZCI6MjI2NDUsInVybCI6Imh0dHBzOlwvXC9pc2lrbGFydHVnbGEuY29tLnRyXC93cC1jb250ZW50XC91cGxvYWRzXC8yMDI0XC8xMVwvSXNpa2xhci1HUkMtU3lzdGVtLUVOLmpwZyIsInNsaWRlc2hvdyI6IjRkY2Q4N2EifQ%3D%3D\" href='https:\/\/isiklartugla.com.tr\/wp-content\/uploads\/2024\/11\/Isiklar-GRC-System-EN.jpg'><img decoding=\"async\" width=\"300\" height=\"144\" src=\"https:\/\/isiklartugla.com.tr\/wp-content\/uploads\/2024\/11\/Isiklar-GRC-System-EN-300x144.jpg\" class=\"attachment-medium size-medium\" alt=\"\" srcset=\"https:\/\/isiklartugla.com.tr\/wp-content\/uploads\/2024\/11\/Isiklar-GRC-System-EN-300x144.jpg 300w, https:\/\/isiklartugla.com.tr\/wp-content\/uploads\/2024\/11\/Isiklar-GRC-System-EN-1024x493.jpg 1024w, https:\/\/isiklartugla.com.tr\/wp-content\/uploads\/2024\/11\/Isiklar-GRC-System-EN-768x370.jpg 768w, https:\/\/isiklartugla.com.tr\/wp-content\/uploads\/2024\/11\/Isiklar-GRC-System-EN-1536x739.jpg 1536w, https:\/\/isiklartugla.com.tr\/wp-content\/uploads\/2024\/11\/Isiklar-GRC-System-EN.jpg 1945w\" sizes=\"(max-width: 300px) 100vw, 300px\" \/><\/a>\n\t\t\t<\/dt><\/dl>\n\t\t\t<br style='clear: both' \/>\n\t\t<\/div>\n\t\t<\/div>\n\t\t\t\t\t\t<\/div>\n\t\t\t\t<\/div>\n\t\t\t\t<div class=\"elementor-element elementor-element-8e4953d elementor-widget elementor-widget-accordion\" data-id=\"8e4953d\" data-element_type=\"widget\" data-e-type=\"widget\" data-widget_type=\"accordion.default\">\n\t\t\t\t<div class=\"elementor-widget-container\">\n\t\t\t\t\t\t\t<div class=\"elementor-accordion\">\n\t\t\t\t\t\t\t<div class=\"elementor-accordion-item\">\n\t\t\t\t\t<div id=\"elementor-tab-title-1491\" class=\"elementor-tab-title\" data-tab=\"1\" role=\"button\" aria-controls=\"elementor-tab-content-1491\" aria-expanded=\"false\">\n\t\t\t\t\t\t\t\t\t\t\t\t\t<span class=\"elementor-accordion-icon elementor-accordion-icon-left\" aria-hidden=\"true\">\n\t\t\t\t\t\t\t\t\t\t\t\t\t\t\t<span class=\"elementor-accordion-icon-closed\"><svg class=\"e-font-icon-svg e-fas-plus\" viewBox=\"0 0 448 512\" xmlns=\"http:\/\/www.w3.org\/2000\/svg\"><path d=\"M416 208H272V64c0-17.67-14.33-32-32-32h-32c-17.67 0-32 14.33-32 32v144H32c-17.67 0-32 14.33-32 32v32c0 17.67 14.33 32 32 32h144v144c0 17.67 14.33 32 32 32h32c17.67 0 32-14.33 32-32V304h144c17.67 0 32-14.33 32-32v-32c0-17.67-14.33-32-32-32z\"><\/path><\/svg><\/span>\n\t\t\t\t\t\t\t\t<span class=\"elementor-accordion-icon-opened\"><svg class=\"e-font-icon-svg e-fas-minus\" viewBox=\"0 0 448 512\" xmlns=\"http:\/\/www.w3.org\/2000\/svg\"><path d=\"M416 208H32c-17.67 0-32 14.33-32 32v32c0 17.67 14.33 32 32 32h384c17.67 0 32-14.33 32-32v-32c0-17.67-14.33-32-32-32z\"><\/path><\/svg><\/span>\n\t\t\t\t\t\t\t\t\t\t\t\t\t\t<\/span>\n\t\t\t\t\t\t\t\t\t\t\t\t<a class=\"elementor-accordion-title\" tabindex=\"0\">Technical Details<\/a>\n\t\t\t\t\t<\/div>\n\t\t\t\t\t<div id=\"elementor-tab-content-1491\" class=\"elementor-tab-content elementor-clearfix\" data-tab=\"1\" role=\"region\" aria-labelledby=\"elementor-tab-title-1491\"><p>Channelled GRC Panel: 1m2<br \/>I\u015f\u0131klar Brick Slip: 60<br \/>Flex Adhesive: 5.5 kg.<br \/>Flex Joint Filler: 4.44 kg.<\/p><p><a href=\"#\"><span style=\"font-size: medium;\">You can access the drawing file for the Is\u0131klar GRC product by clicking an this icon.<\/span><\/a><\/p><\/div>\n\t\t\t\t<\/div>\n\t\t\t\t\t\t\t\t<\/div>\n\t\t\t\t\t\t<\/div>\n\t\t\t\t<\/div>\n\t\t\t\t\t<\/div>\n\t\t\t\t<\/div>\n\t\t\t\t<\/div>\n\t\t","protected":false},"excerpt":{"rendered":"<p>I\u015f\u0131klar GRC GRC is an advanced fa\u00e7ade cladding material produced by combining alkali-resistant glass fibre with cement and various chemical additives, then applying the mixture into moulds. During production, either the spray-up technique or the premix casting method is used. Specially developed for brick applications, GRC fa\u00e7ade panels feature channels on their surface that match [&hellip;]<\/p>\n","protected":false},"author":2,"featured_media":0,"parent":0,"menu_order":0,"comment_status":"closed","ping_status":"closed","template":"page-full-width.php","meta":{"footnotes":""},"class_list":["post-21660","page","type-page","status-publish","hentry"],"_links":{"self":[{"href":"https:\/\/isiklartugla.com.tr\/en\/wp-json\/wp\/v2\/pages\/21660","targetHints":{"allow":["GET"]}}],"collection":[{"href":"https:\/\/isiklartugla.com.tr\/en\/wp-json\/wp\/v2\/pages"}],"about":[{"href":"https:\/\/isiklartugla.com.tr\/en\/wp-json\/wp\/v2\/types\/page"}],"author":[{"embeddable":true,"href":"https:\/\/isiklartugla.com.tr\/en\/wp-json\/wp\/v2\/users\/2"}],"replies":[{"embeddable":true,"href":"https:\/\/isiklartugla.com.tr\/en\/wp-json\/wp\/v2\/comments?post=21660"}],"version-history":[{"count":35,"href":"https:\/\/isiklartugla.com.tr\/en\/wp-json\/wp\/v2\/pages\/21660\/revisions"}],"predecessor-version":[{"id":26989,"href":"https:\/\/isiklartugla.com.tr\/en\/wp-json\/wp\/v2\/pages\/21660\/revisions\/26989"}],"wp:attachment":[{"href":"https:\/\/isiklartugla.com.tr\/en\/wp-json\/wp\/v2\/media?parent=21660"}],"curies":[{"name":"wp","href":"https:\/\/api.w.org\/{rel}","templated":true}]}}