{"id":21661,"date":"2024-05-15T11:43:24","date_gmt":"2024-05-15T08:43:24","guid":{"rendered":"https:\/\/isiklartugla.com.tr\/kisisel-verilerin-korunmasi\/"},"modified":"2025-03-11T17:47:25","modified_gmt":"2025-03-11T14:47:25","slug":"protection-of-personal-data","status":"publish","type":"page","link":"https:\/\/isiklartugla.com.tr\/en\/protection-of-personal-data\/","title":{"rendered":"Protection of Personal Data"},"content":{"rendered":"\t\t<div data-elementor-type=\"wp-page\" data-elementor-id=\"21661\" class=\"elementor elementor-21661 elementor-19715\" data-elementor-post-type=\"page\">\n\t\t\t\t<div class=\"elementor-element elementor-element-a117577 e-flex e-con-boxed e-con e-parent\" data-id=\"a117577\" data-element_type=\"container\" data-e-type=\"container\">\n\t\t\t\t\t<div class=\"e-con-inner\">\n\t\t\t\t<div class=\"elementor-element elementor-element-d1be998 elementor-widget elementor-widget-text-editor\" data-id=\"d1be998\" data-element_type=\"widget\" data-e-type=\"widget\" data-widget_type=\"text-editor.default\">\n\t\t\t\t<div class=\"elementor-widget-container\">\n\t\t\t\t\t\t\t\t\t<p>Orhan Veli Kan\u0131k Cad. Yakut Sok. Ery\u0131lmaz Plaza No: 3\/2 Kavac\u0131k-Beykoz \/ \u0130stanbul adresinde bulunan I\u015f\u0131klar \u0130n\u015faat Malzemeleri\u00a0 Anonim \u015eirketi (\u201c\u015eirket\u201d veya \u201cI\u015f\u0131klar Tu\u011fla\u201d), resmi internet sitesi olan <a href=\"https:\/\/www.isiklartugla.com.tr\/\" target=\"_blank\" rel=\"noopener noreferrer\" data-link-id=\"103\">https:\/\/www.isiklartugla.com.tr\/<\/a> adresini ziyaret eden ki\u015filere ait ki\u015fisel verilerin 6698 say\u0131l\u0131 Ki\u015fisel Verilerin Korunmas\u0131 Kanunu (\u201cKVKK\u201d) ve ikincil d\u00fczenlemelerine (\u201cKVK mevzuat\u0131\u201d) uygun olarak i\u015flenmesi ve korunmas\u0131 i\u00e7in azami hassasiyeti g\u00f6stermektedir. \u0130\u015fbu \u0130nternet Sitesi KVK Ayd\u0131nlatma Metni ( \u201cAyd\u0131nlatma Metni\u201d ), I\u015f\u0131klar Tu\u011fla\u2019n\u0131n veri sorumlusu s\u0131fat\u0131yla KVK mevzuat\u0131ndan kaynaklanan ayd\u0131nlatma y\u00fck\u00fcml\u00fcl\u00fc\u011f\u00fcn\u00fcn yerine getirilmesi amac\u0131yla haz\u0131rlanm\u0131\u015ft\u0131r.<\/p>\t\t\t\t\t\t\t\t<\/div>\n\t\t\t\t<\/div>\n\t\t<div class=\"elementor-element elementor-element-b60b39a e-flex e-con-boxed e-con e-child\" data-id=\"b60b39a\" data-element_type=\"container\" data-e-type=\"container\">\n\t\t\t\t\t<div class=\"e-con-inner\">\n\t\t\t\t<div class=\"elementor-element elementor-element-4e13226 elementor-position-top elementor-widget elementor-widget-image-box\" data-id=\"4e13226\" data-element_type=\"widget\" data-e-type=\"widget\" data-widget_type=\"image-box.default\">\n\t\t\t\t<div class=\"elementor-widget-container\">\n\t\t\t\t\t<div class=\"elementor-image-box-wrapper\"><figure class=\"elementor-image-box-img\"><a href=\"https:\/\/isiklartugla.com.tr\/wp-content\/uploads\/2024\/11\/A.-Website-Privacy-Notice.docx\" target=\"_blank\" tabindex=\"-1\"><img fetchpriority=\"high\" decoding=\"async\" width=\"1024\" height=\"683\" src=\"https:\/\/isiklartugla.com.tr\/wp-content\/uploads\/2024\/05\/pdf-icon.jpg\" class=\"attachment-full size-full wp-image-21467\" alt=\"\" srcset=\"https:\/\/isiklartugla.com.tr\/wp-content\/uploads\/2024\/05\/pdf-icon.jpg 1024w, https:\/\/isiklartugla.com.tr\/wp-content\/uploads\/2024\/05\/pdf-icon-300x200.jpg 300w, https:\/\/isiklartugla.com.tr\/wp-content\/uploads\/2024\/05\/pdf-icon-768x512.jpg 768w\" sizes=\"(max-width: 1024px) 100vw, 1024px\" \/><\/a><\/figure><div class=\"elementor-image-box-content\"><p class=\"elementor-image-box-description\">I\u015eIKLAR \u0130N\u015eAAT MALZEMELER\u0130 SANAY\u0130 VE T\u0130CARET ANON\u0130M \u015e\u0130RKET\u0130 \nCORPORATE WEBSITE PRIVACY NOTICE<\/p><\/div><\/div>\t\t\t\t<\/div>\n\t\t\t\t<\/div>\n\t\t\t\t<div class=\"elementor-element elementor-element-acfd018 elementor-position-top elementor-widget elementor-widget-image-box\" data-id=\"acfd018\" data-element_type=\"widget\" data-e-type=\"widget\" data-widget_type=\"image-box.default\">\n\t\t\t\t<div class=\"elementor-widget-container\">\n\t\t\t\t\t<div class=\"elementor-image-box-wrapper\"><figure class=\"elementor-image-box-img\"><a href=\"https:\/\/isiklartugla.com.tr\/wp-content\/uploads\/2024\/11\/B.-Cookie-Privacy-Notice.docx\" target=\"_blank\" tabindex=\"-1\"><img fetchpriority=\"high\" decoding=\"async\" width=\"1024\" height=\"683\" src=\"https:\/\/isiklartugla.com.tr\/wp-content\/uploads\/2024\/05\/pdf-icon.jpg\" class=\"attachment-full size-full wp-image-21467\" alt=\"\" srcset=\"https:\/\/isiklartugla.com.tr\/wp-content\/uploads\/2024\/05\/pdf-icon.jpg 1024w, https:\/\/isiklartugla.com.tr\/wp-content\/uploads\/2024\/05\/pdf-icon-300x200.jpg 300w, https:\/\/isiklartugla.com.tr\/wp-content\/uploads\/2024\/05\/pdf-icon-768x512.jpg 768w\" sizes=\"(max-width: 1024px) 100vw, 1024px\" \/><\/a><\/figure><div class=\"elementor-image-box-content\"><p class=\"elementor-image-box-description\">I\u015eIKLAR \u0130N\u015eAAT MALZEMELER\u0130 SANAY\u0130 VE T\u0130CARET ANON\u0130M \u015e\u0130RKET\u0130 COOKIE PRIVACY NOTICE<\/p><\/div><\/div>\t\t\t\t<\/div>\n\t\t\t\t<\/div>\n\t\t\t\t<div class=\"elementor-element elementor-element-2fbe047 elementor-position-top elementor-widget elementor-widget-image-box\" data-id=\"2fbe047\" data-element_type=\"widget\" data-e-type=\"widget\" data-widget_type=\"image-box.default\">\n\t\t\t\t<div class=\"elementor-widget-container\">\n\t\t\t\t\t<div class=\"elementor-image-box-wrapper\"><figure class=\"elementor-image-box-img\"><a href=\"https:\/\/isiklartugla.com.tr\/wp-content\/uploads\/2024\/11\/C.-DATA-SUBJECT-REQUEST-FORM.docx\" target=\"_blank\" tabindex=\"-1\"><img fetchpriority=\"high\" decoding=\"async\" width=\"1024\" height=\"683\" src=\"https:\/\/isiklartugla.com.tr\/wp-content\/uploads\/2024\/05\/pdf-icon.jpg\" class=\"attachment-full size-full wp-image-21467\" alt=\"\" srcset=\"https:\/\/isiklartugla.com.tr\/wp-content\/uploads\/2024\/05\/pdf-icon.jpg 1024w, https:\/\/isiklartugla.com.tr\/wp-content\/uploads\/2024\/05\/pdf-icon-300x200.jpg 300w, https:\/\/isiklartugla.com.tr\/wp-content\/uploads\/2024\/05\/pdf-icon-768x512.jpg 768w\" sizes=\"(max-width: 1024px) 100vw, 1024px\" \/><\/a><\/figure><div class=\"elementor-image-box-content\"><p class=\"elementor-image-box-description\">I\u015eIKLAR \u0130N\u015eAAT MALZEMELER\u0130 SANAY\u0130 VE T\u0130CARET ANON\u0130M \u015e\u0130RKET\u0130 DATA SUBJECT REQUEST FORM<\/p><\/div><\/div>\t\t\t\t<\/div>\n\t\t\t\t<\/div>\n\t\t\t\t\t<\/div>\n\t\t\t\t<\/div>\n\t\t\t\t\t<\/div>\n\t\t\t\t<\/div>\n\t\t\t\t<\/div>\n\t\t","protected":false},"excerpt":{"rendered":"<p>Orhan Veli Kan\u0131k Cad. Yakut Sok. Ery\u0131lmaz Plaza No: 3\/2 Kavac\u0131k-Beykoz \/ \u0130stanbul adresinde bulunan I\u015f\u0131klar \u0130n\u015faat Malzemeleri\u00a0 Anonim \u015eirketi (\u201c\u015eirket\u201d veya \u201cI\u015f\u0131klar Tu\u011fla\u201d), resmi internet sitesi olan https:\/\/www.isiklartugla.com.tr\/ adresini ziyaret eden ki\u015filere ait ki\u015fisel verilerin 6698 say\u0131l\u0131 Ki\u015fisel Verilerin Korunmas\u0131 Kanunu (\u201cKVKK\u201d) ve ikincil d\u00fczenlemelerine (\u201cKVK mevzuat\u0131\u201d) uygun olarak i\u015flenmesi ve korunmas\u0131 i\u00e7in azami [&hellip;]<\/p>\n","protected":false},"author":2,"featured_media":0,"parent":0,"menu_order":0,"comment_status":"closed","ping_status":"closed","template":"elementor_header_footer","meta":{"footnotes":""},"class_list":["post-21661","page","type-page","status-publish","hentry"],"_links":{"self":[{"href":"https:\/\/isiklartugla.com.tr\/en\/wp-json\/wp\/v2\/pages\/21661","targetHints":{"allow":["GET"]}}],"collection":[{"href":"https:\/\/isiklartugla.com.tr\/en\/wp-json\/wp\/v2\/pages"}],"about":[{"href":"https:\/\/isiklartugla.com.tr\/en\/wp-json\/wp\/v2\/types\/page"}],"author":[{"embeddable":true,"href":"https:\/\/isiklartugla.com.tr\/en\/wp-json\/wp\/v2\/users\/2"}],"replies":[{"embeddable":true,"href":"https:\/\/isiklartugla.com.tr\/en\/wp-json\/wp\/v2\/comments?post=21661"}],"version-history":[{"count":10,"href":"https:\/\/isiklartugla.com.tr\/en\/wp-json\/wp\/v2\/pages\/21661\/revisions"}],"predecessor-version":[{"id":22604,"href":"https:\/\/isiklartugla.com.tr\/en\/wp-json\/wp\/v2\/pages\/21661\/revisions\/22604"}],"wp:attachment":[{"href":"https:\/\/isiklartugla.com.tr\/en\/wp-json\/wp\/v2\/media?parent=21661"}],"curies":[{"name":"wp","href":"https:\/\/api.w.org\/{rel}","templated":true}]}}