{"id":21665,"date":"2024-04-30T00:29:40","date_gmt":"2024-04-29T21:29:40","guid":{"rendered":"https:\/\/isiklartugla.com.tr\/surdurulebilirlik\/"},"modified":"2025-03-11T17:47:30","modified_gmt":"2025-03-11T14:47:30","slug":"sustainability","status":"publish","type":"page","link":"https:\/\/isiklartugla.com.tr\/en\/sustainability\/","title":{"rendered":"Sustainability"},"content":{"rendered":"\t\t<div data-elementor-type=\"wp-page\" data-elementor-id=\"21665\" class=\"elementor elementor-21665 elementor-18838\" data-elementor-post-type=\"page\">\n\t\t\t\t<div class=\"elementor-element elementor-element-9579b3b e-con-full e-flex e-con e-parent\" data-id=\"9579b3b\" data-element_type=\"container\" data-e-type=\"container\">\n\t\t<div class=\"elementor-element elementor-element-68f59aa e-con-full e-flex e-con e-child\" data-id=\"68f59aa\" data-element_type=\"container\" data-e-type=\"container\">\n\t\t\t\t<div class=\"elementor-element elementor-element-890bdde elementor-widget elementor-widget-archicon_core_section_title\" data-id=\"890bdde\" data-element_type=\"widget\" data-e-type=\"widget\" data-widget_type=\"archicon_core_section_title.default\">\n\t\t\t\t<div class=\"elementor-widget-container\">\n\t\t\t\t\t<div class=\"qodef-shortcode qodef-m  qodef-section-title qodef-alignment--left   qodef-has-appear\"  >\n\t\t\t<h1 class=\"qodef-m-title\" >\n\t<span class=\"qodef-m-title-inner\" >\n\t\t\tSustainability in Production <span class=\"qodef-m-highlight-text\" ><span class=\"qodef--original\">and<\/span><span class=\"qodef--fake\" >and<\/span><\/span> Bricks\t\t<\/span>\n\t<\/h1>\n\t\t<h5 class=\"qodef-m-text\" >\n\t\tBrick, known as one of the oldest and most fundamental building materials in the world, is also a\ncrucial component of the construction industry in terms of sustainability.\t<\/h5>\n\t<\/div>\n\t\t\t\t<\/div>\n\t\t\t\t<\/div>\n\t\t\t\t<div class=\"elementor-element elementor-element-35eb1a9 elementor-widget elementor-widget-text-editor\" data-id=\"35eb1a9\" data-element_type=\"widget\" data-e-type=\"widget\" data-widget_type=\"text-editor.default\">\n\t\t\t\t<div class=\"elementor-widget-container\">\n\t\t\t\t\t\t\t\t\t<p class=\"western\" lang=\"tr-TR\"><span lang=\"en-US\">Made from natural clay that is fired, brick enhances the sustainability of every structure where it is utulized. Its indispensable nature and widespread use make brick even more significant for the environment. While concrete blocks may last around 100 years, clay bricks can last up to ten times longer.<\/span><\/p><p class=\"western\" lang=\"tr-TR\"><span lang=\"en-US\">Furthermore, brick production consumes less water compared to concrete production, which is crucial for preserving our water resources. At I\u015f\u0131klar Tu\u011fla, we prioritize the efficient use of water in our production processes.<\/span><\/p>\t\t\t\t\t\t\t\t<\/div>\n\t\t\t\t<\/div>\n\t\t\t\t<\/div>\n\t\t<div class=\"elementor-element elementor-element-b71f5f6 e-con-full e-flex e-con e-child\" data-id=\"b71f5f6\" data-element_type=\"container\" data-e-type=\"container\">\n\t\t\t\t<div class=\"elementor-element elementor-element-98771de elementor-widget elementor-widget-archicon_core_single_image\" data-id=\"98771de\" data-element_type=\"widget\" data-e-type=\"widget\" data-widget_type=\"archicon_core_single_image.default\">\n\t\t\t\t<div class=\"elementor-widget-container\">\n\t\t\t\t\t<div class=\"qodef-shortcode qodef-m  qodef-single-image qodef-layout--default   \">\n\t\t\t<div class=\"qodef-m-image\">\n\t\t\t\t\t\t\t\t<img fetchpriority=\"high\" decoding=\"async\" width=\"810\" height=\"1080\" src=\"https:\/\/isiklartugla.com.tr\/wp-content\/uploads\/2024\/03\/DesignersVault-05.jpg\" class=\"attachment-full size-full\" alt=\"\" srcset=\"https:\/\/isiklartugla.com.tr\/wp-content\/uploads\/2024\/03\/DesignersVault-05.jpg 810w, https:\/\/isiklartugla.com.tr\/wp-content\/uploads\/2024\/03\/DesignersVault-05-225x300.jpg 225w, https:\/\/isiklartugla.com.tr\/wp-content\/uploads\/2024\/03\/DesignersVault-05-768x1024.jpg 768w\" sizes=\"(max-width: 810px) 100vw, 810px\" \/>\t\t\t\t\t\t\t<\/div>\n\t<\/div>\n\t\t\t\t<\/div>\n\t\t\t\t<\/div>\n\t\t\t\t<\/div>\n\t\t\t\t<\/div>\n\t\t<div class=\"elementor-element elementor-element-c7a8a12 e-con-full e-flex e-con e-parent\" data-id=\"c7a8a12\" data-element_type=\"container\" data-e-type=\"container\">\n\t\t<div class=\"elementor-element elementor-element-9c89de9 e-con-full e-flex e-con e-child\" data-id=\"9c89de9\" data-element_type=\"container\" data-e-type=\"container\">\n\t\t\t\t<div class=\"elementor-element elementor-element-14f09c5 elementor-widget elementor-widget-image\" data-id=\"14f09c5\" data-element_type=\"widget\" data-e-type=\"widget\" data-widget_type=\"image.default\">\n\t\t\t\t<div class=\"elementor-widget-container\">\n\t\t\t\t\t\t\t\t\t\t\t\t\t\t\t<img decoding=\"async\" src=\"https:\/\/isiklartugla.com.tr\/wp-content\/uploads\/elementor\/thumbs\/alan-kadikoy-rjn4l6nlnyowln8jcjdq44qm1c64qz52eu00yv0wfo.jpg\" title=\"alan-kadikoy\" alt=\"alan-kadikoy\" loading=\"lazy\" \/>\t\t\t\t\t\t\t\t\t\t\t\t\t\t\t<\/div>\n\t\t\t\t<\/div>\n\t\t\t\t<\/div>\n\t\t<div class=\"elementor-element elementor-element-6c3b6a7 e-con-full e-flex e-con e-child\" data-id=\"6c3b6a7\" data-element_type=\"container\" data-e-type=\"container\">\n\t\t\t\t<div class=\"elementor-element elementor-element-b9a116f elementor-widget elementor-widget-text-editor\" data-id=\"b9a116f\" data-element_type=\"widget\" data-e-type=\"widget\" data-widget_type=\"text-editor.default\">\n\t\t\t\t<div class=\"elementor-widget-container\">\n\t\t\t\t\t\t\t\t\t<p class=\"western\" lang=\"tr-TR\"><span lang=\"en-US\">We bring a new perspective to brick&#8217;s millennia-long history with our modern production technologies. We focus on minimizing environmental impact throughout the entire lifecycle of brick, from production to usage and eventual recycling. By utilizing the latest technology, we reduce energy consumption and process clay in its most natural form.<\/span><\/p><p class=\"western\" lang=\"tr-TR\"><span lang=\"en-US\">With our range of brick types, we strive to make a difference in the industry by adopting an approach that respects the environment and nature. Through our sustainability policies and actions, we aim to be a leading brick manufacturer and contribute to leaving a livable environment for future generations.<\/span><\/p>\t\t\t\t\t\t\t\t<\/div>\n\t\t\t\t<\/div>\n\t\t\t\t<\/div>\n\t\t\t\t<\/div>\n\t\t\t\t<\/div>\n\t\t","protected":false},"excerpt":{"rendered":"<p>Sustainability in Production andand Bricks Brick, known as one of the oldest and most fundamental building materials in the world, is also a crucial component of the construction industry in terms of sustainability. Made from natural clay that is fired, brick enhances the sustainability of every structure where it is utulized. Its indispensable nature and [&hellip;]<\/p>\n","protected":false},"author":2,"featured_media":0,"parent":0,"menu_order":0,"comment_status":"closed","ping_status":"closed","template":"elementor_header_footer","meta":{"footnotes":""},"class_list":["post-21665","page","type-page","status-publish","hentry"],"_links":{"self":[{"href":"https:\/\/isiklartugla.com.tr\/en\/wp-json\/wp\/v2\/pages\/21665","targetHints":{"allow":["GET"]}}],"collection":[{"href":"https:\/\/isiklartugla.com.tr\/en\/wp-json\/wp\/v2\/pages"}],"about":[{"href":"https:\/\/isiklartugla.com.tr\/en\/wp-json\/wp\/v2\/types\/page"}],"author":[{"embeddable":true,"href":"https:\/\/isiklartugla.com.tr\/en\/wp-json\/wp\/v2\/users\/2"}],"replies":[{"embeddable":true,"href":"https:\/\/isiklartugla.com.tr\/en\/wp-json\/wp\/v2\/comments?post=21665"}],"version-history":[{"count":4,"href":"https:\/\/isiklartugla.com.tr\/en\/wp-json\/wp\/v2\/pages\/21665\/revisions"}],"predecessor-version":[{"id":22113,"href":"https:\/\/isiklartugla.com.tr\/en\/wp-json\/wp\/v2\/pages\/21665\/revisions\/22113"}],"wp:attachment":[{"href":"https:\/\/isiklartugla.com.tr\/en\/wp-json\/wp\/v2\/media?parent=21665"}],"curies":[{"name":"wp","href":"https:\/\/api.w.org\/{rel}","templated":true}]}}