{"id":25182,"date":"2025-08-27T14:21:07","date_gmt":"2025-08-27T11:21:07","guid":{"rendered":"https:\/\/isiklartugla.com.tr\/?page_id=25182"},"modified":"2025-08-27T14:39:12","modified_gmt":"2025-08-27T11:39:12","slug":"cottocade","status":"publish","type":"page","link":"https:\/\/isiklartugla.com.tr\/en\/cottocade\/","title":{"rendered":"Cottocade\u00ae"},"content":{"rendered":"\t\t<div data-elementor-type=\"wp-page\" data-elementor-id=\"25182\" class=\"elementor elementor-25182 elementor-25181\" data-elementor-post-type=\"page\">\n\t\t\t\t<div class=\"elementor-element elementor-element-9244b0f e-flex e-con-boxed e-con e-parent\" data-id=\"9244b0f\" data-element_type=\"container\" data-e-type=\"container\" data-settings=\"{&quot;background_background&quot;:&quot;classic&quot;}\">\n\t\t\t\t\t<div class=\"e-con-inner\">\n\t\t\t\t\t<\/div>\n\t\t\t\t<\/div>\n\t\t<div class=\"elementor-element elementor-element-c915260 e-flex e-con-boxed e-con e-parent\" data-id=\"c915260\" data-element_type=\"container\" data-e-type=\"container\" data-settings=\"{&quot;background_background&quot;:&quot;classic&quot;}\">\n\t\t\t\t\t<div class=\"e-con-inner\">\n\t\t<div class=\"elementor-element elementor-element-b7ed3cf e-con-full e-flex e-con e-child\" data-id=\"b7ed3cf\" data-element_type=\"container\" data-e-type=\"container\">\n\t\t<div class=\"elementor-element elementor-element-f2fb3dd e-con-full e-flex e-con e-child\" data-id=\"f2fb3dd\" data-element_type=\"container\" data-e-type=\"container\">\n\t\t\t\t<div class=\"elementor-element elementor-element-bad3ff8 elementor-widget elementor-widget-image\" data-id=\"bad3ff8\" data-element_type=\"widget\" data-e-type=\"widget\" data-widget_type=\"image.default\">\n\t\t\t\t<div class=\"elementor-widget-container\">\n\t\t\t\t\t\t\t\t\t\t\t\t\t\t\t<img fetchpriority=\"high\" decoding=\"async\" width=\"1024\" height=\"860\" src=\"https:\/\/isiklartugla.com.tr\/wp-content\/uploads\/2025\/08\/69dd4c87-4e00-4437-9a8c-f0a6daf0b44c-1024x860.jpg\" class=\"attachment-large size-large wp-image-25186\" alt=\"\" srcset=\"https:\/\/isiklartugla.com.tr\/wp-content\/uploads\/2025\/08\/69dd4c87-4e00-4437-9a8c-f0a6daf0b44c-1024x860.jpg 1024w, https:\/\/isiklartugla.com.tr\/wp-content\/uploads\/2025\/08\/69dd4c87-4e00-4437-9a8c-f0a6daf0b44c-300x252.jpg 300w, https:\/\/isiklartugla.com.tr\/wp-content\/uploads\/2025\/08\/69dd4c87-4e00-4437-9a8c-f0a6daf0b44c-768x645.jpg 768w, https:\/\/isiklartugla.com.tr\/wp-content\/uploads\/2025\/08\/69dd4c87-4e00-4437-9a8c-f0a6daf0b44c-1536x1291.jpg 1536w, https:\/\/isiklartugla.com.tr\/wp-content\/uploads\/2025\/08\/69dd4c87-4e00-4437-9a8c-f0a6daf0b44c-2048x1721.jpg 2048w\" sizes=\"(max-width: 1024px) 100vw, 1024px\" \/>\t\t\t\t\t\t\t\t\t\t\t\t\t\t\t<\/div>\n\t\t\t\t<\/div>\n\t\t\t\t<\/div>\n\t\t<div class=\"elementor-element elementor-element-b97726a e-con-full e-flex e-con e-child\" data-id=\"b97726a\" data-element_type=\"container\" data-e-type=\"container\">\n\t\t\t\t<div class=\"elementor-element elementor-element-ca055d5 elementor-widget elementor-widget-heading\" data-id=\"ca055d5\" data-element_type=\"widget\" data-e-type=\"widget\" data-widget_type=\"heading.default\">\n\t\t\t\t<div class=\"elementor-widget-container\">\n\t\t\t\t\t<h4 class=\"elementor-heading-title elementor-size-default\">Cottocade\u00ae <\/h4>\t\t\t\t<\/div>\n\t\t\t\t<\/div>\n\t\t\t\t<div class=\"elementor-element elementor-element-408b143 elementor-widget elementor-widget-text-editor\" data-id=\"408b143\" data-element_type=\"widget\" data-e-type=\"widget\" data-widget_type=\"text-editor.default\">\n\t\t\t\t<div class=\"elementor-widget-container\">\n\t\t\t\t\t\t\t\t\t<p><strong>Cottocade<\/strong> by I\u015f\u0131klar Tu\u011fla is a timeless fa\u00e7ade solution inspired by nature and crafted from genuine <strong>terra-cotta<\/strong>, offering a warm and authentic character to any architectural design. Its natural beauty and earthy tones bring texture, depth, and identity to modern buildings while preserving the spirit of traditional fa\u00e7ade systems.<\/p>\n<p>Cottocade is installed using a <strong>mechanical system with an aluminum substructure<\/strong>, ensuring durability, easy installation, and long-term structural stability. This ventilated fa\u00e7ade system improves air circulation behind the cladding, contributing to the building\u2019s overall energy efficiency.<\/p>\n<p>Its <strong>porous and breathable structure<\/strong> helps manage moisture on the exterior walls, reducing condensation and protecting the fa\u00e7ade from long-term damage. Thanks to its natural resilience, Cottocade requires minimal maintenance\u2014rainwater is often enough to keep it clean\u2014and it maintains its aesthetic appeal for years despite exposure to the elements.<\/p>\n<p>Manufactured using traditional firing methods combined with modern technology, Cottocade sets new benchmarks in sustainable architecture. It is resistant to extreme temperatures, moisture, and UV radiation, making it a safe and reliable choice for various climates.<\/p>\n<p>More than just a cladding material, Cottocade is a creative tool. It empowers architects and designers to realize unique, sustainable buildings that stand the test of time. With its natural elegance, technical advantages, and design flexibility, Cottocade is the ideal choice for those building the architecture of tomorrow.<\/p>\t\t\t\t\t\t\t\t<\/div>\n\t\t\t\t<\/div>\n\t\t\t\t<\/div>\n\t\t\t\t<\/div>\n\t\t\t\t\t<\/div>\n\t\t\t\t<\/div>\n\t\t<div class=\"elementor-element elementor-element-0d99e0a e-flex e-con-boxed e-con e-parent\" data-id=\"0d99e0a\" data-element_type=\"container\" data-e-type=\"container\">\n\t\t\t\t\t<div class=\"e-con-inner\">\n\t\t\t\t<div class=\"elementor-element elementor-element-03e4fe7 elementor-widget elementor-widget-heading\" data-id=\"03e4fe7\" data-element_type=\"widget\" data-e-type=\"widget\" data-widget_type=\"heading.default\">\n\t\t\t\t<div class=\"elementor-widget-container\">\n\t\t\t\t\t<h3 class=\"elementor-heading-title elementor-size-default\">Cottocade\u00ae<\/h3>\t\t\t\t<\/div>\n\t\t\t\t<\/div>\n\t\t\t\t<div class=\"elementor-element elementor-element-57df999 gallery-spacing-custom product-page-gallery-2 elementor-widget elementor-widget-image-gallery\" data-id=\"57df999\" data-element_type=\"widget\" data-e-type=\"widget\" data-widget_type=\"image-gallery.default\">\n\t\t\t\t<div class=\"elementor-widget-container\">\n\t\t\t\t\t\t\t<div class=\"elementor-image-gallery\">\n\t\t\t\n\t\t<style type=\"text\/css\">\n\t\t\t#gallery-1 {\n\t\t\t\tmargin: auto;\n\t\t\t}\n\t\t\t#gallery-1 .gallery-item {\n\t\t\t\tfloat: left;\n\t\t\t\tmargin-top: 10px;\n\t\t\t\ttext-align: center;\n\t\t\t\twidth: 16%;\n\t\t\t}\n\t\t\t#gallery-1 img {\n\t\t\t\tborder: 2px solid #cfcfcf;\n\t\t\t}\n\t\t\t#gallery-1 .gallery-caption {\n\t\t\t\tmargin-left: 0;\n\t\t\t}\n\t\t\t\/* see gallery_shortcode() in wp-includes\/media.php *\/\n\t\t<\/style>\n\t\t<div id='gallery-1' class='gallery galleryid-25182 gallery-columns-6 gallery-size-thumbnail'><dl class='gallery-item'>\n\t\t\t<dt class='gallery-icon landscape'>\n\t\t\t\t<a data-elementor-open-lightbox=\"yes\" data-elementor-lightbox-slideshow=\"57df999\" data-elementor-lightbox-title=\"CottoBrown - Kahve\" data-e-action-hash=\"#elementor-action%3Aaction%3Dlightbox%26settings%3DeyJpZCI6MjUxOTEsInVybCI6Imh0dHBzOlwvXC9pc2lrbGFydHVnbGEuY29tLnRyXC93cC1jb250ZW50XC91cGxvYWRzXC8yMDI1XC8wOFwvQ290dG9Ccm93bi1LYWh2ZS5qcGciLCJzbGlkZXNob3ciOiI1N2RmOTk5In0%3D\" href='https:\/\/isiklartugla.com.tr\/wp-content\/uploads\/2025\/08\/CottoBrown-Kahve.jpg'><img decoding=\"async\" width=\"150\" height=\"150\" src=\"https:\/\/isiklartugla.com.tr\/wp-content\/uploads\/2025\/08\/CottoBrown-Kahve-150x150.jpg\" class=\"attachment-thumbnail size-thumbnail\" alt=\"\" aria-describedby=\"gallery-1-25191\" srcset=\"https:\/\/isiklartugla.com.tr\/wp-content\/uploads\/2025\/08\/CottoBrown-Kahve-150x150.jpg 150w, https:\/\/isiklartugla.com.tr\/wp-content\/uploads\/2025\/08\/CottoBrown-Kahve-650x650.jpg 650w\" sizes=\"(max-width: 150px) 100vw, 150px\" \/><\/a>\n\t\t\t<\/dt>\n\t\t\t\t<dd class='wp-caption-text gallery-caption' id='gallery-1-25191'>\n\t\t\t\tBrown\n\t\t\t\t<\/dd><\/dl><dl class='gallery-item'>\n\t\t\t<dt class='gallery-icon landscape'>\n\t\t\t\t<a data-elementor-open-lightbox=\"yes\" data-elementor-lightbox-slideshow=\"57df999\" data-elementor-lightbox-title=\"CottoRed - K\u0131rm\u0131z\u0131\" data-e-action-hash=\"#elementor-action%3Aaction%3Dlightbox%26settings%3DeyJpZCI6MjUxOTUsInVybCI6Imh0dHBzOlwvXC9pc2lrbGFydHVnbGEuY29tLnRyXC93cC1jb250ZW50XC91cGxvYWRzXC8yMDI1XC8wOFwvQ290dG9SZWQtS2lybWl6aS5qcGciLCJzbGlkZXNob3ciOiI1N2RmOTk5In0%3D\" href='https:\/\/isiklartugla.com.tr\/wp-content\/uploads\/2025\/08\/CottoRed-Kirmizi.jpg'><img decoding=\"async\" width=\"150\" height=\"150\" src=\"https:\/\/isiklartugla.com.tr\/wp-content\/uploads\/2025\/08\/CottoRed-Kirmizi-150x150.jpg\" class=\"attachment-thumbnail size-thumbnail\" alt=\"\" aria-describedby=\"gallery-1-25195\" srcset=\"https:\/\/isiklartugla.com.tr\/wp-content\/uploads\/2025\/08\/CottoRed-Kirmizi-150x150.jpg 150w, https:\/\/isiklartugla.com.tr\/wp-content\/uploads\/2025\/08\/CottoRed-Kirmizi-650x650.jpg 650w\" sizes=\"(max-width: 150px) 100vw, 150px\" \/><\/a>\n\t\t\t<\/dt>\n\t\t\t\t<dd class='wp-caption-text gallery-caption' id='gallery-1-25195'>\n\t\t\t\tRed\n\t\t\t\t<\/dd><\/dl><dl class='gallery-item'>\n\t\t\t<dt class='gallery-icon landscape'>\n\t\t\t\t<a data-elementor-open-lightbox=\"yes\" data-elementor-lightbox-slideshow=\"57df999\" data-elementor-lightbox-title=\"CottoAegean - Ege\" data-e-action-hash=\"#elementor-action%3Aaction%3Dlightbox%26settings%3DeyJpZCI6MjUxODksInVybCI6Imh0dHBzOlwvXC9pc2lrbGFydHVnbGEuY29tLnRyXC93cC1jb250ZW50XC91cGxvYWRzXC8yMDI1XC8wOFwvQ290dG9BZWdlYW4tRWdlLmpwZyIsInNsaWRlc2hvdyI6IjU3ZGY5OTkifQ%3D%3D\" href='https:\/\/isiklartugla.com.tr\/wp-content\/uploads\/2025\/08\/CottoAegean-Ege.jpg'><img loading=\"lazy\" decoding=\"async\" width=\"150\" height=\"150\" src=\"https:\/\/isiklartugla.com.tr\/wp-content\/uploads\/2025\/08\/CottoAegean-Ege-150x150.jpg\" class=\"attachment-thumbnail size-thumbnail\" alt=\"\" aria-describedby=\"gallery-1-25189\" srcset=\"https:\/\/isiklartugla.com.tr\/wp-content\/uploads\/2025\/08\/CottoAegean-Ege-150x150.jpg 150w, https:\/\/isiklartugla.com.tr\/wp-content\/uploads\/2025\/08\/CottoAegean-Ege-650x650.jpg 650w\" sizes=\"(max-width: 150px) 100vw, 150px\" \/><\/a>\n\t\t\t<\/dt>\n\t\t\t\t<dd class='wp-caption-text gallery-caption' id='gallery-1-25189'>\n\t\t\t\tAegean\n\t\t\t\t<\/dd><\/dl><dl class='gallery-item'>\n\t\t\t<dt class='gallery-icon landscape'>\n\t\t\t\t<a data-elementor-open-lightbox=\"yes\" data-elementor-lightbox-slideshow=\"57df999\" data-elementor-lightbox-title=\"CottoEngineering Blue - Metalik Mavi\" data-e-action-hash=\"#elementor-action%3Aaction%3Dlightbox%26settings%3DeyJpZCI6MjUxOTMsInVybCI6Imh0dHBzOlwvXC9pc2lrbGFydHVnbGEuY29tLnRyXC93cC1jb250ZW50XC91cGxvYWRzXC8yMDI1XC8wOFwvQ290dG9FbmdpbmVlcmluZy1CbHVlLU1ldGFsaWstTWF2aS5qcGciLCJzbGlkZXNob3ciOiI1N2RmOTk5In0%3D\" href='https:\/\/isiklartugla.com.tr\/wp-content\/uploads\/2025\/08\/CottoEngineering-Blue-Metalik-Mavi.jpg'><img loading=\"lazy\" decoding=\"async\" width=\"150\" height=\"150\" src=\"https:\/\/isiklartugla.com.tr\/wp-content\/uploads\/2025\/08\/CottoEngineering-Blue-Metalik-Mavi-150x150.jpg\" class=\"attachment-thumbnail size-thumbnail\" alt=\"\" aria-describedby=\"gallery-1-25193\" srcset=\"https:\/\/isiklartugla.com.tr\/wp-content\/uploads\/2025\/08\/CottoEngineering-Blue-Metalik-Mavi-150x150.jpg 150w, https:\/\/isiklartugla.com.tr\/wp-content\/uploads\/2025\/08\/CottoEngineering-Blue-Metalik-Mavi-650x650.jpg 650w\" sizes=\"(max-width: 150px) 100vw, 150px\" \/><\/a>\n\t\t\t<\/dt>\n\t\t\t\t<dd class='wp-caption-text gallery-caption' id='gallery-1-25193'>\n\t\t\t\tEngineering Blue\n\t\t\t\t<\/dd><\/dl>\n\t\t\t<br style='clear: both' \/>\n\t\t<\/div>\n\t\t<\/div>\n\t\t\t\t\t\t<\/div>\n\t\t\t\t<\/div>\n\t\t\t\t<div class=\"elementor-element elementor-element-eee3d0c gallery-spacing-custom product-page-gallery-2 elementor-widget elementor-widget-image-gallery\" data-id=\"eee3d0c\" data-element_type=\"widget\" data-e-type=\"widget\" data-widget_type=\"image-gallery.default\">\n\t\t\t\t<div class=\"elementor-widget-container\">\n\t\t\t\t\t\t\t<div class=\"elementor-image-gallery\">\n\t\t\t\n\t\t<style type=\"text\/css\">\n\t\t\t#gallery-2 {\n\t\t\t\tmargin: auto;\n\t\t\t}\n\t\t\t#gallery-2 .gallery-item {\n\t\t\t\tfloat: left;\n\t\t\t\tmargin-top: 10px;\n\t\t\t\ttext-align: center;\n\t\t\t\twidth: 25%;\n\t\t\t}\n\t\t\t#gallery-2 img {\n\t\t\t\tborder: 2px solid #cfcfcf;\n\t\t\t}\n\t\t\t#gallery-2 .gallery-caption {\n\t\t\t\tmargin-left: 0;\n\t\t\t}\n\t\t\t\/* see gallery_shortcode() in wp-includes\/media.php *\/\n\t\t<\/style>\n\t\t<div id='gallery-2' class='gallery galleryid-25182 gallery-columns-4 gallery-size-medium'><dl class='gallery-item'>\n\t\t\t<dt class='gallery-icon landscape'>\n\t\t\t\t<a data-elementor-open-lightbox=\"yes\" data-elementor-lightbox-slideshow=\"eee3d0c\" data-elementor-lightbox-title=\"I\u015eIKLAR COTTOCADE SYSTEM DETAIL-01\" data-e-action-hash=\"#elementor-action%3Aaction%3Dlightbox%26settings%3DeyJpZCI6MjUyMDQsInVybCI6Imh0dHBzOlwvXC9pc2lrbGFydHVnbGEuY29tLnRyXC93cC1jb250ZW50XC91cGxvYWRzXC8yMDI1XC8wOFwvSVNJS0xBUi1DT1RUT0NBREUtU1lTVEVNLURFVEFJTC0wMS1yb3RhdGVkLmpwZyIsInNsaWRlc2hvdyI6ImVlZTNkMGMifQ%3D%3D\" href='https:\/\/isiklartugla.com.tr\/wp-content\/uploads\/2025\/08\/ISIKLAR-COTTOCADE-SYSTEM-DETAIL-01-rotated.jpg'><img loading=\"lazy\" decoding=\"async\" width=\"300\" height=\"229\" src=\"https:\/\/isiklartugla.com.tr\/wp-content\/uploads\/2025\/08\/ISIKLAR-COTTOCADE-SYSTEM-DETAIL-01-300x229.jpg\" class=\"attachment-medium size-medium\" alt=\"\" aria-describedby=\"gallery-2-25204\" srcset=\"https:\/\/isiklartugla.com.tr\/wp-content\/uploads\/2025\/08\/ISIKLAR-COTTOCADE-SYSTEM-DETAIL-01-300x229.jpg 300w, https:\/\/isiklartugla.com.tr\/wp-content\/uploads\/2025\/08\/ISIKLAR-COTTOCADE-SYSTEM-DETAIL-01-1024x780.jpg 1024w, https:\/\/isiklartugla.com.tr\/wp-content\/uploads\/2025\/08\/ISIKLAR-COTTOCADE-SYSTEM-DETAIL-01-768x585.jpg 768w, https:\/\/isiklartugla.com.tr\/wp-content\/uploads\/2025\/08\/ISIKLAR-COTTOCADE-SYSTEM-DETAIL-01-1536x1171.jpg 1536w, https:\/\/isiklartugla.com.tr\/wp-content\/uploads\/2025\/08\/ISIKLAR-COTTOCADE-SYSTEM-DETAIL-01-rotated.jpg 1988w\" sizes=\"(max-width: 300px) 100vw, 300px\" \/><\/a>\n\t\t\t<\/dt>\n\t\t\t\t<dd class='wp-caption-text gallery-caption' id='gallery-2-25204'>\n\t\t\t\tSystem Detail\n\t\t\t\t<\/dd><\/dl>\n\t\t\t<br style='clear: both' \/>\n\t\t<\/div>\n\t\t<\/div>\n\t\t\t\t\t\t<\/div>\n\t\t\t\t<\/div>\n\t\t\t\t<div class=\"elementor-element elementor-element-ae56fd4 elementor-widget elementor-widget-accordion\" data-id=\"ae56fd4\" data-element_type=\"widget\" data-e-type=\"widget\" data-widget_type=\"accordion.default\">\n\t\t\t\t<div class=\"elementor-widget-container\">\n\t\t\t\t\t\t\t<div class=\"elementor-accordion\">\n\t\t\t\t\t\t\t<div class=\"elementor-accordion-item\">\n\t\t\t\t\t<div id=\"elementor-tab-title-1821\" class=\"elementor-tab-title\" data-tab=\"1\" role=\"button\" aria-controls=\"elementor-tab-content-1821\" aria-expanded=\"false\">\n\t\t\t\t\t\t\t\t\t\t\t\t\t<span class=\"elementor-accordion-icon elementor-accordion-icon-left\" aria-hidden=\"true\">\n\t\t\t\t\t\t\t\t\t\t\t\t\t\t\t<span class=\"elementor-accordion-icon-closed\"><svg class=\"e-font-icon-svg e-fas-plus\" viewBox=\"0 0 448 512\" xmlns=\"http:\/\/www.w3.org\/2000\/svg\"><path d=\"M416 208H272V64c0-17.67-14.33-32-32-32h-32c-17.67 0-32 14.33-32 32v144H32c-17.67 0-32 14.33-32 32v32c0 17.67 14.33 32 32 32h144v144c0 17.67 14.33 32 32 32h32c17.67 0 32-14.33 32-32V304h144c17.67 0 32-14.33 32-32v-32c0-17.67-14.33-32-32-32z\"><\/path><\/svg><\/span>\n\t\t\t\t\t\t\t\t<span class=\"elementor-accordion-icon-opened\"><svg class=\"e-font-icon-svg e-fas-minus\" viewBox=\"0 0 448 512\" xmlns=\"http:\/\/www.w3.org\/2000\/svg\"><path d=\"M416 208H32c-17.67 0-32 14.33-32 32v32c0 17.67 14.33 32 32 32h384c17.67 0 32-14.33 32-32v-32c0-17.67-14.33-32-32-32z\"><\/path><\/svg><\/span>\n\t\t\t\t\t\t\t\t\t\t\t\t\t\t<\/span>\n\t\t\t\t\t\t\t\t\t\t\t\t<a class=\"elementor-accordion-title\" tabindex=\"0\">Technical Details<\/a>\n\t\t\t\t\t<\/div>\n\t\t\t\t\t<div id=\"elementor-tab-content-1821\" class=\"elementor-tab-content elementor-clearfix\" data-tab=\"1\" role=\"region\" aria-labelledby=\"elementor-tab-title-1821\"><p>Dimensions (mm): 210X500X15<br \/>Weight: 3.700 gr<br \/>Usage: 11.5 Pieces \/ m\u00b2<\/p><\/div>\n\t\t\t\t<\/div>\n\t\t\t\t\t\t\t\t<\/div>\n\t\t\t\t\t\t<\/div>\n\t\t\t\t<\/div>\n\t\t\t\t\t<\/div>\n\t\t\t\t<\/div>\n\t\t\t\t<\/div>\n\t\t","protected":false},"excerpt":{"rendered":"<p>Cottocade\u00ae Cottocade by I\u015f\u0131klar Tu\u011fla is a timeless fa\u00e7ade solution inspired by nature and crafted from genuine terra-cotta, offering a warm and authentic character to any architectural design. Its natural beauty and earthy tones bring texture, depth, and identity to modern buildings while preserving the spirit of traditional fa\u00e7ade systems. Cottocade is installed using a [&hellip;]<\/p>\n","protected":false},"author":2,"featured_media":0,"parent":0,"menu_order":0,"comment_status":"closed","ping_status":"closed","template":"page-full-width.php","meta":{"footnotes":""},"class_list":["post-25182","page","type-page","status-publish","hentry"],"_links":{"self":[{"href":"https:\/\/isiklartugla.com.tr\/en\/wp-json\/wp\/v2\/pages\/25182","targetHints":{"allow":["GET"]}}],"collection":[{"href":"https:\/\/isiklartugla.com.tr\/en\/wp-json\/wp\/v2\/pages"}],"about":[{"href":"https:\/\/isiklartugla.com.tr\/en\/wp-json\/wp\/v2\/types\/page"}],"author":[{"embeddable":true,"href":"https:\/\/isiklartugla.com.tr\/en\/wp-json\/wp\/v2\/users\/2"}],"replies":[{"embeddable":true,"href":"https:\/\/isiklartugla.com.tr\/en\/wp-json\/wp\/v2\/comments?post=25182"}],"version-history":[{"count":9,"href":"https:\/\/isiklartugla.com.tr\/en\/wp-json\/wp\/v2\/pages\/25182\/revisions"}],"predecessor-version":[{"id":25212,"href":"https:\/\/isiklartugla.com.tr\/en\/wp-json\/wp\/v2\/pages\/25182\/revisions\/25212"}],"wp:attachment":[{"href":"https:\/\/isiklartugla.com.tr\/en\/wp-json\/wp\/v2\/media?parent=25182"}],"curies":[{"name":"wp","href":"https:\/\/api.w.org\/{rel}","templated":true}]}}